{"id":1812,"date":"2023-02-23T07:58:21","date_gmt":"2023-02-23T07:58:21","guid":{"rendered":"https:\/\/hemsida.bannerbow.com\/?page_id=1812"},"modified":"2026-03-19T16:04:06","modified_gmt":"2026-03-19T16:04:06","slug":"about-us","status":"publish","type":"page","link":"https:\/\/bannerbow.com\/de\/about-us\/","title":{"rendered":"\u00dcber uns"},"content":{"rendered":"<div data-elementor-type=\"wp-page\" data-elementor-id=\"1812\" class=\"elementor elementor-1812\" data-elementor-post-type=\"page\">\n\t\t\t\t\t\t<section class=\"elementor-section elementor-top-section elementor-element elementor-element-42c1c688 elementor-section-height-min-height elementor-section-boxed elementor-section-height-default elementor-section-items-middle\" data-id=\"42c1c688\" data-element_type=\"section\" data-e-type=\"section\" data-settings=\"{&quot;background_background&quot;:&quot;classic&quot;}\">\n\t\t\t\t\t\t\t<div class=\"elementor-background-overlay\"><\/div>\n\t\t\t\t\t\t\t<div class=\"elementor-container elementor-column-gap-default\">\n\t\t\t\t\t<div class=\"elementor-column elementor-col-100 elementor-top-column elementor-element elementor-element-a19236f\" data-id=\"a19236f\" data-element_type=\"column\" data-e-type=\"column\">\n\t\t\t<div class=\"elementor-widget-wrap elementor-element-populated\">\n\t\t\t\t\t\t<section class=\"elementor-section elementor-inner-section elementor-element elementor-element-46da00d3 elementor-section-height-min-height elementor-section-boxed elementor-section-height-default\" data-id=\"46da00d3\" data-element_type=\"section\" data-e-type=\"section\">\n\t\t\t\t\t\t<div class=\"elementor-container elementor-column-gap-default\">\n\t\t\t\t\t<div class=\"elementor-column elementor-col-100 elementor-inner-column elementor-element elementor-element-25e8258f\" data-id=\"25e8258f\" data-element_type=\"column\" data-e-type=\"column\">\n\t\t\t<div class=\"elementor-widget-wrap elementor-element-populated\">\n\t\t\t\t\t\t<section class=\"elementor-section elementor-inner-section elementor-element elementor-element-1b66beb1 elementor-section-boxed elementor-section-height-default elementor-section-height-default\" data-id=\"1b66beb1\" data-element_type=\"section\" data-e-type=\"section\">\n\t\t\t\t\t\t<div class=\"elementor-container elementor-column-gap-default\">\n\t\t\t\t\t<div class=\"elementor-column elementor-col-100 elementor-inner-column elementor-element elementor-element-39daf6ee\" data-id=\"39daf6ee\" data-element_type=\"column\" data-e-type=\"column\">\n\t\t\t<div class=\"elementor-widget-wrap elementor-element-populated\">\n\t\t\t\t\t\t<div class=\"elementor-element elementor-element-17efc290 elementor-widget elementor-widget-text-editor\" data-id=\"17efc290\" data-element_type=\"widget\" data-e-type=\"widget\" data-widget_type=\"text-editor.default\">\n\t\t\t\t<div class=\"elementor-widget-container\">\n\t\t\t\t\t\t\t\t\t<p><strong>\u00a0 \u00a0 \u00a0 \u00dcber uns!<\/strong><\/p>\t\t\t\t\t\t\t\t<\/div>\n\t\t\t\t<\/div>\n\t\t\t\t\t<\/div>\n\t\t<\/div>\n\t\t\t\t\t<\/div>\n\t\t<\/section>\n\t\t\t\t\t<\/div>\n\t\t<\/div>\n\t\t\t\t\t<\/div>\n\t\t<\/section>\n\t\t\t\t\t<\/div>\n\t\t<\/div>\n\t\t\t\t\t<\/div>\n\t\t<\/section>\n\t\t\t\t<section class=\"elementor-section elementor-top-section elementor-element elementor-element-67d3e61 elementor-reverse-mobile elementor-section-boxed elementor-section-height-default elementor-section-height-default\" data-id=\"67d3e61\" data-element_type=\"section\" data-e-type=\"section\" data-settings=\"{&quot;animation&quot;:&quot;none&quot;}\">\n\t\t\t\t\t\t<div class=\"elementor-container elementor-column-gap-default\">\n\t\t\t\t\t<div class=\"elementor-column elementor-col-50 elementor-top-column elementor-element elementor-element-78c99caf\" data-id=\"78c99caf\" data-element_type=\"column\" data-e-type=\"column\">\n\t\t\t<div class=\"elementor-widget-wrap elementor-element-populated\">\n\t\t\t\t\t\t<div class=\"elementor-element elementor-element-36192eb9 elementor-widget elementor-widget-image\" data-id=\"36192eb9\" data-element_type=\"widget\" data-e-type=\"widget\" data-widget_type=\"image.default\">\n\t\t\t\t<div class=\"elementor-widget-container\">\n\t\t\t\t\t\t\t\t\t\t\t\t\t\t\t<img fetchpriority=\"high\" decoding=\"async\" width=\"500\" height=\"500\" src=\"https:\/\/bannerbow.com\/wp-content\/uploads\/2023\/02\/bannerbow_produktion_small.jpg\" class=\"attachment-full size-full wp-image-1817\" alt=\"\" srcset=\"https:\/\/bannerbow.com\/wp-content\/uploads\/2023\/02\/bannerbow_produktion_small.jpg 500w, https:\/\/bannerbow.com\/wp-content\/uploads\/2023\/02\/bannerbow_produktion_small-300x300.jpg 300w, https:\/\/bannerbow.com\/wp-content\/uploads\/2023\/02\/bannerbow_produktion_small-150x150.jpg 150w\" sizes=\"(max-width: 500px) 100vw, 500px\" \/>\t\t\t\t\t\t\t\t\t\t\t\t\t\t\t<\/div>\n\t\t\t\t<\/div>\n\t\t\t\t\t<\/div>\n\t\t<\/div>\n\t\t\t\t<div class=\"elementor-column elementor-col-50 elementor-top-column elementor-element elementor-element-3dddf73d\" data-id=\"3dddf73d\" data-element_type=\"column\" data-e-type=\"column\" data-settings=\"{&quot;animation&quot;:&quot;none&quot;}\">\n\t\t\t<div class=\"elementor-widget-wrap elementor-element-populated\">\n\t\t\t\t\t\t<div class=\"elementor-element elementor-element-d1e06b8 elementor-widget elementor-widget-heading\" data-id=\"d1e06b8\" data-element_type=\"widget\" data-e-type=\"widget\" data-widget_type=\"heading.default\">\n\t\t\t\t<div class=\"elementor-widget-container\">\n\t\t\t\t\t<h3 class=\"elementor-heading-title elementor-size-default\">\u00dcber uns!<\/h3>\t\t\t\t<\/div>\n\t\t\t\t<\/div>\n\t\t\t\t<div class=\"elementor-element elementor-element-70aebfc animated-slow elementor-widget elementor-widget-text-editor\" data-id=\"70aebfc\" data-element_type=\"widget\" data-e-type=\"widget\" data-settings=\"{&quot;_animation&quot;:&quot;none&quot;,&quot;_animation_delay&quot;:650,&quot;_animation_mobile&quot;:&quot;none&quot;}\" data-widget_type=\"text-editor.default\">\n\t\t\t\t<div class=\"elementor-widget-container\">\n\t\t\t\t\t\t\t\t\t<p data-start=\"146\" data-end=\"561\">Bannerbow hat seinen stolzen Sitz in Eskilstuna, Schweden - mit dem klaren Ziel, die Produktion so lokal wie m\u00f6glich zu halten. Indem wir in der N\u00e4he unserer Heimat arbeiten, st\u00e4rken wir unsere F\u00e4higkeit, au\u00dfergew\u00f6hnliche Qualit\u00e4t, schnellen Service und ein hohes Ma\u00df an Zug\u00e4nglichkeit zu liefern. Die enge Zusammenarbeit mit unseren Kunden und Partnern erm\u00f6glicht es uns, schnell zu reagieren und uns an spezifische Bed\u00fcrfnisse anzupassen, damit jede L\u00f6sung nahtlos und ma\u00dfgeschneidert ist.<\/p><p data-start=\"563\" data-end=\"908\">Nachhaltigkeit und Qualit\u00e4t stehen bei allem, was wir tun, im Mittelpunkt. Bannerbow-Produkte sind als hochwertige Pr\u00e4sentationssysteme konzipiert - langlebig und doch flexibel genug, um sich weiterzuentwickeln. Durch einfaches Aktualisieren der bedruckten Banner k\u00f6nnen unsere Systeme immer wieder aufgefrischt und wiederverwendet werden, was sie zu einer klugen und nachhaltigen Wahl f\u00fcr moderne Marken macht.<\/p>\t\t\t\t\t\t\t\t<\/div>\n\t\t\t\t<\/div>\n\t\t\t\t<div class=\"elementor-element elementor-element-37069a3e elementor-widget elementor-widget-heading\" data-id=\"37069a3e\" data-element_type=\"widget\" data-e-type=\"widget\" data-widget_type=\"heading.default\">\n\t\t\t\t<div class=\"elementor-widget-container\">\n\t\t\t\t\t<h3 class=\"elementor-heading-title elementor-size-default\">Ein innovatives Design<\/h3>\t\t\t\t<\/div>\n\t\t\t\t<\/div>\n\t\t\t\t<div class=\"elementor-element elementor-element-14af8394 elementor-widget-divider--view-line elementor-widget elementor-widget-divider\" data-id=\"14af8394\" data-element_type=\"widget\" data-e-type=\"widget\" data-settings=\"{&quot;_animation&quot;:&quot;none&quot;,&quot;_animation_delay&quot;:450,&quot;_animation_mobile&quot;:&quot;none&quot;}\" data-widget_type=\"divider.default\">\n\t\t\t\t<div class=\"elementor-widget-container\">\n\t\t\t\t\t\t\t<div class=\"elementor-divider\">\n\t\t\t<span class=\"elementor-divider-separator\">\n\t\t\t\t\t\t<\/span>\n\t\t<\/div>\n\t\t\t\t\t\t<\/div>\n\t\t\t\t<\/div>\n\t\t\t\t<div class=\"elementor-element elementor-element-7884754 animated-slow elementor-widget elementor-widget-text-editor\" data-id=\"7884754\" data-element_type=\"widget\" data-e-type=\"widget\" data-settings=\"{&quot;_animation&quot;:&quot;none&quot;,&quot;_animation_delay&quot;:650,&quot;_animation_mobile&quot;:&quot;none&quot;}\" data-widget_type=\"text-editor.default\">\n\t\t\t\t<div class=\"elementor-widget-container\">\n\t\t\t\t\t\t\t\t\t<p>Schweden ist seit langem f\u00fchrend in der Entwicklung von Display-, Ausstellungs- und Veranstaltungssystemen. Bannerbow ist stolz darauf, Teil dieser schwedischen Tradition zu sein. Unser Beitrag zu dieser Entwicklung ist, dass wir neue Formen und innovative L\u00f6sungen auf den Markt bringen wollen. L\u00f6sungen, die es den Kunden erm\u00f6glichen, ihr Unternehmen mit Stolz zu pr\u00e4sentieren und einen bleibenden Eindruck zu hinterlassen.<\/p><p>Bannerbow bietet innovative Display-Produkte f\u00fcr Ausstellungen, Events und den Einzelhandel. Die Erfahrung und das Gef\u00fchl, das Bannerbow Eventb\u00f6gen schafft, ist wirklich einzigartig. Mit Bannerbows tragbaren Eventb\u00f6gen und Kulissen k\u00f6nnen Sie ganz einfach eine aufregende Standl\u00f6sung mit Raumerlebnis anstelle eines normalen Roll-ups, Schilds oder Banners schaffen. Gestalten Sie die Banner nach Ihren W\u00fcnschen mit Ihren eigenen Grafiken, Logos und Materialien.<\/p>\t\t\t\t\t\t\t\t<\/div>\n\t\t\t\t<\/div>\n\t\t\t\t\t<\/div>\n\t\t<\/div>\n\t\t\t\t\t<\/div>\n\t\t<\/section>\n\t\t\t\t<section class=\"elementor-section elementor-top-section elementor-element elementor-element-5374602d elementor-section-boxed elementor-section-height-default elementor-section-height-default\" data-id=\"5374602d\" data-element_type=\"section\" data-e-type=\"section\" data-settings=\"{&quot;animation&quot;:&quot;none&quot;}\">\n\t\t\t\t\t\t\t<div class=\"elementor-background-overlay\"><\/div>\n\t\t\t\t\t\t\t<div class=\"elementor-container elementor-column-gap-default\">\n\t\t\t\t\t<div class=\"elementor-column elementor-col-100 elementor-top-column elementor-element elementor-element-773e8911\" data-id=\"773e8911\" data-element_type=\"column\" data-e-type=\"column\" data-settings=\"{&quot;animation&quot;:&quot;none&quot;}\">\n\t\t\t<div class=\"elementor-widget-wrap elementor-element-populated\">\n\t\t\t\t\t\t<section class=\"elementor-section elementor-inner-section elementor-element elementor-element-76fc1c6e elementor-section-boxed elementor-section-height-default elementor-section-height-default\" data-id=\"76fc1c6e\" data-element_type=\"section\" data-e-type=\"section\">\n\t\t\t\t\t\t<div class=\"elementor-container elementor-column-gap-default\">\n\t\t\t\t\t<div class=\"elementor-column elementor-col-100 elementor-inner-column elementor-element elementor-element-191a82fe\" data-id=\"191a82fe\" data-element_type=\"column\" data-e-type=\"column\" data-settings=\"{&quot;animation&quot;:&quot;none&quot;}\">\n\t\t\t<div class=\"elementor-widget-wrap elementor-element-populated\">\n\t\t\t\t\t\t<div class=\"elementor-element elementor-element-55e7e0e0 animated-slow elementor-widget elementor-widget-heading\" data-id=\"55e7e0e0\" data-element_type=\"widget\" data-e-type=\"widget\" data-settings=\"{&quot;_animation&quot;:&quot;none&quot;,&quot;_animation_mobile&quot;:&quot;none&quot;}\" data-widget_type=\"heading.default\">\n\t\t\t\t<div class=\"elementor-widget-container\">\n\t\t\t\t\t<h2 class=\"elementor-heading-title elementor-size-default\">GESCHICHTE<\/h2>\t\t\t\t<\/div>\n\t\t\t\t<\/div>\n\t\t\t\t<div class=\"elementor-element elementor-element-18705360 elementor-widget elementor-widget-heading\" data-id=\"18705360\" data-element_type=\"widget\" data-e-type=\"widget\" data-settings=\"{&quot;_animation&quot;:&quot;none&quot;,&quot;_animation_delay&quot;:300,&quot;_animation_mobile&quot;:&quot;none&quot;}\" data-widget_type=\"heading.default\">\n\t\t\t\t<div class=\"elementor-widget-container\">\n\t\t\t\t\t<h5 class=\"elementor-heading-title elementor-size-default\">ES BEGANN MIT EINEM ST\u00dcCK PAPIER...<\/h5>\t\t\t\t<\/div>\n\t\t\t\t<\/div>\n\t\t\t\t<div class=\"elementor-element elementor-element-370174cd elementor-widget elementor-widget-text-editor\" data-id=\"370174cd\" data-element_type=\"widget\" data-e-type=\"widget\" data-settings=\"{&quot;_animation&quot;:&quot;none&quot;,&quot;_animation_delay&quot;:600,&quot;_animation_mobile&quot;:&quot;none&quot;}\" data-widget_type=\"text-editor.default\">\n\t\t\t\t<div class=\"elementor-widget-container\">\n\t\t\t\t\t\t\t\t\t<p>Die Idee wurde geboren, als Ulf Meijer einen Papierstreifen \u00fcber die Kante seines Schreibtisches bog. Der Streifen wurde zu einem Bogen, den er auf den Schreibtisch legte. Er legte ein kleines St\u00fcck Papier darunter und erkannte sofort, dass dies eine aufregende Art und Weise sein w\u00fcrde, einen Raum im Raum zu schaffen, ein neues und aufregendes Produkt f\u00fcr Messen, Veranstaltungen und \u00f6ffentliche R\u00e4ume.<\/p><p>Der Bogen hatte einen Ausdruck und eine Form, die im Gegensatz zu den kantigen Schildern und mechanischen Zelten stand, die man oft auf Messen und Veranstaltungen sieht. Dieser Bogen hatte einen neuen innovativen Stil, fast organisch. Eine Form, die einl\u00e4dt und gleichzeitig umarmt.<\/p><p>Das Konzept wurde noch st\u00e4rker, als Ulf einen Weg fand, den Fu\u00df so zu konstruieren, dass er sich in eine Tasche verwandeln l\u00e4sst, in der das gesamte Produkt Platz hat.<\/p>\t\t\t\t\t\t\t\t<\/div>\n\t\t\t\t<\/div>\n\t\t\t\t<div class=\"elementor-element elementor-element-37a0896 elementor-widget elementor-widget-video\" data-id=\"37a0896\" data-element_type=\"widget\" data-e-type=\"widget\" data-settings=\"{&quot;video_type&quot;:&quot;vimeo&quot;,&quot;autoplay&quot;:&quot;yes&quot;,&quot;play_on_mobile&quot;:&quot;yes&quot;}\" data-widget_type=\"video.default\">\n\t\t\t\t<div class=\"elementor-widget-container\">\n\t\t\t\t\t\t\t<div class=\"elementor-wrapper elementor-open-inline\">\n\t\t\t<iframe class=\"elementor-video-iframe\" allowfullscreen allow=\"autoplay\" title=\"vimeo Video Player\" src=\"https:\/\/player.vimeo.com\/video\/268406636?autoplay=1&amp;playsinline=1&amp;color&amp;autopause=0&amp;loop=0&amp;muted=0&amp;title=1&amp;portrait=1&amp;byline=1#t=\"><\/iframe>\t\t<\/div>\n\t\t\t\t\t\t<\/div>\n\t\t\t\t<\/div>\n\t\t\t\t\t<\/div>\n\t\t<\/div>\n\t\t\t\t\t<\/div>\n\t\t<\/section>\n\t\t\t\t\t<\/div>\n\t\t<\/div>\n\t\t\t\t\t<\/div>\n\t\t<\/section>\n\t\t\t\t<section class=\"elementor-section elementor-top-section elementor-element elementor-element-30afd763 elementor-section-boxed elementor-section-height-default elementor-section-height-default\" data-id=\"30afd763\" data-element_type=\"section\" data-e-type=\"section\" data-settings=\"{&quot;background_background&quot;:&quot;classic&quot;}\">\n\t\t\t\t\t\t<div class=\"elementor-container elementor-column-gap-default\">\n\t\t\t\t\t<div class=\"elementor-column elementor-col-100 elementor-top-column elementor-element elementor-element-4aa70fab\" data-id=\"4aa70fab\" data-element_type=\"column\" data-e-type=\"column\">\n\t\t\t<div class=\"elementor-widget-wrap elementor-element-populated\">\n\t\t\t\t\t\t<section class=\"elementor-section elementor-inner-section elementor-element elementor-element-499daecf elementor-section-boxed elementor-section-height-default elementor-section-height-default\" data-id=\"499daecf\" data-element_type=\"section\" data-e-type=\"section\" id=\"we-think-sustainable\">\n\t\t\t\t\t\t<div class=\"elementor-container elementor-column-gap-default\">\n\t\t\t\t\t<div class=\"elementor-column elementor-col-50 elementor-inner-column elementor-element elementor-element-2bf2773\" data-id=\"2bf2773\" data-element_type=\"column\" data-e-type=\"column\">\n\t\t\t<div class=\"elementor-widget-wrap elementor-element-populated\">\n\t\t\t\t\t\t<div class=\"elementor-element elementor-element-6fd2ee3c elementor-widget elementor-widget-image\" data-id=\"6fd2ee3c\" data-element_type=\"widget\" data-e-type=\"widget\" data-widget_type=\"image.default\">\n\t\t\t\t<div class=\"elementor-widget-container\">\n\t\t\t\t\t\t\t\t\t\t\t\t\t\t\t\t<a href=\"https:\/\/bannerbow.com\/de\/sustainability\/\">\n\t\t\t\t\t\t\t<img decoding=\"async\" width=\"800\" height=\"800\" src=\"https:\/\/bannerbow.com\/wp-content\/uploads\/2025\/10\/Sustainability.jpg\" class=\"attachment-large size-large wp-image-9066\" alt=\"\" srcset=\"https:\/\/bannerbow.com\/wp-content\/uploads\/2025\/10\/Sustainability.jpg 1024w, https:\/\/bannerbow.com\/wp-content\/uploads\/2025\/10\/Sustainability-300x300.jpg 300w, https:\/\/bannerbow.com\/wp-content\/uploads\/2025\/10\/Sustainability-150x150.jpg 150w, https:\/\/bannerbow.com\/wp-content\/uploads\/2025\/10\/Sustainability-768x768.jpg 768w, https:\/\/bannerbow.com\/wp-content\/uploads\/2025\/10\/Sustainability-12x12.jpg 12w\" sizes=\"(max-width: 800px) 100vw, 800px\" \/>\t\t\t\t\t\t\t\t<\/a>\n\t\t\t\t\t\t\t\t\t\t\t\t\t\t\t<\/div>\n\t\t\t\t<\/div>\n\t\t\t\t\t<\/div>\n\t\t<\/div>\n\t\t\t\t<div class=\"elementor-column elementor-col-50 elementor-inner-column elementor-element elementor-element-534bffff\" data-id=\"534bffff\" data-element_type=\"column\" data-e-type=\"column\">\n\t\t\t<div class=\"elementor-widget-wrap elementor-element-populated\">\n\t\t\t\t\t\t<div class=\"elementor-element elementor-element-38203297 elementor-widget elementor-widget-heading\" data-id=\"38203297\" data-element_type=\"widget\" data-e-type=\"widget\" data-widget_type=\"heading.default\">\n\t\t\t\t<div class=\"elementor-widget-container\">\n\t\t\t\t\t<h2 class=\"elementor-heading-title elementor-size-default\">Wir denken <br> nachhaltig!<\/h2>\t\t\t\t<\/div>\n\t\t\t\t<\/div>\n\t\t\t\t<div class=\"elementor-element elementor-element-180399a0 elementor-widget-divider--view-line elementor-widget elementor-widget-divider\" data-id=\"180399a0\" data-element_type=\"widget\" data-e-type=\"widget\" data-widget_type=\"divider.default\">\n\t\t\t\t<div class=\"elementor-widget-container\">\n\t\t\t\t\t\t\t<div class=\"elementor-divider\">\n\t\t\t<span class=\"elementor-divider-separator\">\n\t\t\t\t\t\t<\/span>\n\t\t<\/div>\n\t\t\t\t\t\t<\/div>\n\t\t\t\t<\/div>\n\t\t\t\t<div class=\"elementor-element elementor-element-6c10deee elementor-widget elementor-widget-text-editor\" data-id=\"6c10deee\" data-element_type=\"widget\" data-e-type=\"widget\" data-widget_type=\"text-editor.default\">\n\t\t\t\t<div class=\"elementor-widget-container\">\n\t\t\t\t\t\t\t\t\t<ul><li>Marketingmaterialien - die lange halten!  Ein Produkt, das auf viele verschiedene Arten verwendet werden kann.<\/li><\/ul><ul><li>Die Systeme k\u00f6nnen sowohl im Innen- als auch im Au\u00dfenbereich eingesetzt werden, so dass Sie das ganze Jahr \u00fcber, unabh\u00e4ngig von der Jahreszeit, verschiedene Einsatzm\u00f6glichkeiten haben.<\/li><\/ul><ul><li>Erneuern Sie das Produkt ganz einfach, indem Sie das Banner \u00e4ndern, wenn Sie Ihre Botschaften oder Werbeaktionen \u00e4ndern m\u00f6chten.<\/li><\/ul>\t\t\t\t\t\t\t\t<\/div>\n\t\t\t\t<\/div>\n\t\t\t\t<div class=\"elementor-element elementor-element-aa64750 elementor-align-center elementor-widget elementor-widget-button\" data-id=\"aa64750\" data-element_type=\"widget\" data-e-type=\"widget\" data-widget_type=\"button.default\">\n\t\t\t\t<div class=\"elementor-widget-container\">\n\t\t\t\t\t\t\t\t\t<div class=\"elementor-button-wrapper\">\n\t\t\t\t\t<a class=\"elementor-button elementor-button-link elementor-size-sm\" href=\"https:\/\/bannerbow.com\/de\/sustainability\/\">\n\t\t\t\t\t\t<span class=\"elementor-button-content-wrapper\">\n\t\t\t\t\t\t\t\t\t<span class=\"elementor-button-text\">Mehr \u00fcber Nachhaltigkeit erfahren<\/span>\n\t\t\t\t\t<\/span>\n\t\t\t\t\t<\/a>\n\t\t\t\t<\/div>\n\t\t\t\t\t\t\t\t<\/div>\n\t\t\t\t<\/div>\n\t\t\t\t\t<\/div>\n\t\t<\/div>\n\t\t\t\t\t<\/div>\n\t\t<\/section>\n\t\t\t\t\t<\/div>\n\t\t<\/div>\n\t\t\t\t\t<\/div>\n\t\t<\/section>\n\t\t\t\t<\/div>","protected":false},"excerpt":{"rendered":"<p>\u00a0 \u00a0 \u00a0 About Us! About us! Bannerbow is proudly based in Eskilstuna, Sweden \u2013 with a clear ambition to keep production as local as possible. By working close to home, we strengthen our ability to deliver exceptional quality, fast service, and a high level of accessibility. Close collaboration with both customers and partners allows [&hellip;]<\/p>\n","protected":false},"author":1,"featured_media":0,"parent":0,"menu_order":0,"comment_status":"closed","ping_status":"closed","template":"","meta":{"footnotes":""},"class_list":["post-1812","page","type-page","status-publish","hentry"],"_links":{"self":[{"href":"https:\/\/bannerbow.com\/de\/wp-json\/wp\/v2\/pages\/1812","targetHints":{"allow":["GET"]}}],"collection":[{"href":"https:\/\/bannerbow.com\/de\/wp-json\/wp\/v2\/pages"}],"about":[{"href":"https:\/\/bannerbow.com\/de\/wp-json\/wp\/v2\/types\/page"}],"author":[{"embeddable":true,"href":"https:\/\/bannerbow.com\/de\/wp-json\/wp\/v2\/users\/1"}],"replies":[{"embeddable":true,"href":"https:\/\/bannerbow.com\/de\/wp-json\/wp\/v2\/comments?post=1812"}],"version-history":[{"count":139,"href":"https:\/\/bannerbow.com\/de\/wp-json\/wp\/v2\/pages\/1812\/revisions"}],"predecessor-version":[{"id":9691,"href":"https:\/\/bannerbow.com\/de\/wp-json\/wp\/v2\/pages\/1812\/revisions\/9691"}],"wp:attachment":[{"href":"https:\/\/bannerbow.com\/de\/wp-json\/wp\/v2\/media?parent=1812"}],"curies":[{"name":"wp","href":"https:\/\/api.w.org\/{rel}","templated":true}]}}