{"id":1898,"date":"2023-02-23T10:16:06","date_gmt":"2023-02-23T10:16:06","guid":{"rendered":"https:\/\/hemsida.bannerbow.com\/?page_id=1898"},"modified":"2025-04-16T13:15:44","modified_gmt":"2025-04-16T13:15:44","slug":"arch-flags","status":"publish","type":"page","link":"https:\/\/bannerbow.com\/de\/arch-flags\/","title":{"rendered":"Autos"},"content":{"rendered":"<div data-elementor-type=\"wp-page\" data-elementor-id=\"1898\" class=\"elementor elementor-1898\" data-elementor-post-type=\"page\">\n\t\t\t\t\t\t<section class=\"elementor-section elementor-top-section elementor-element elementor-element-a78521c elementor-section-height-min-height elementor-section-boxed elementor-section-height-default elementor-section-items-middle\" data-id=\"a78521c\" data-element_type=\"section\" data-e-type=\"section\" data-settings=\"{&quot;background_background&quot;:&quot;classic&quot;}\">\n\t\t\t\t\t\t\t<div class=\"elementor-background-overlay\"><\/div>\n\t\t\t\t\t\t\t<div class=\"elementor-container elementor-column-gap-default\">\n\t\t\t\t\t<div class=\"elementor-column elementor-col-100 elementor-top-column elementor-element elementor-element-85b1a46\" data-id=\"85b1a46\" data-element_type=\"column\" data-e-type=\"column\">\n\t\t\t<div class=\"elementor-widget-wrap elementor-element-populated\">\n\t\t\t\t\t\t<section class=\"elementor-section elementor-inner-section elementor-element elementor-element-f72623a elementor-section-boxed elementor-section-height-default elementor-section-height-default\" data-id=\"f72623a\" data-element_type=\"section\" data-e-type=\"section\">\n\t\t\t\t\t\t<div class=\"elementor-container elementor-column-gap-default\">\n\t\t\t\t\t<div class=\"elementor-column elementor-col-100 elementor-inner-column elementor-element elementor-element-6595ac2\" data-id=\"6595ac2\" data-element_type=\"column\" data-e-type=\"column\">\n\t\t\t<div class=\"elementor-widget-wrap elementor-element-populated\">\n\t\t\t\t\t\t<div class=\"elementor-element elementor-element-76f5e7c elementor-widget elementor-widget-heading\" data-id=\"76f5e7c\" data-element_type=\"widget\" data-e-type=\"widget\" data-widget_type=\"heading.default\">\n\t\t\t\t<div class=\"elementor-widget-container\">\n\t\t\t\t\t<h1 class=\"elementor-heading-title elementor-size-default\">Autos<\/h1>\t\t\t\t<\/div>\n\t\t\t\t<\/div>\n\t\t\t\t\t<\/div>\n\t\t<\/div>\n\t\t\t\t\t<\/div>\n\t\t<\/section>\n\t\t\t\t\t<\/div>\n\t\t<\/div>\n\t\t\t\t\t<\/div>\n\t\t<\/section>\n\t\t\t\t<section class=\"elementor-section elementor-top-section elementor-element elementor-element-778b4cc9 elementor-section-full_width elementor-section-height-default elementor-section-height-default\" data-id=\"778b4cc9\" data-element_type=\"section\" data-e-type=\"section\">\n\t\t\t\t\t\t<div class=\"elementor-container elementor-column-gap-default\">\n\t\t\t\t\t<div class=\"elementor-column elementor-col-100 elementor-top-column elementor-element elementor-element-24788021\" data-id=\"24788021\" data-element_type=\"column\" data-e-type=\"column\" data-settings=\"{&quot;animation_mobile&quot;:&quot;none&quot;}\">\n\t\t\t<div class=\"elementor-widget-wrap elementor-element-populated\">\n\t\t\t\t\t\t<section class=\"elementor-section elementor-inner-section elementor-element elementor-element-16795659 elementor-section-boxed elementor-section-height-default elementor-section-height-default\" data-id=\"16795659\" data-element_type=\"section\" data-e-type=\"section\">\n\t\t\t\t\t\t<div class=\"elementor-container elementor-column-gap-default\">\n\t\t\t\t\t<div class=\"elementor-column elementor-col-100 elementor-inner-column elementor-element elementor-element-520ab4ad animated-slow elementor-invisible\" data-id=\"520ab4ad\" data-element_type=\"column\" data-e-type=\"column\" data-settings=\"{&quot;animation&quot;:&quot;fadeInLeft&quot;,&quot;animation_mobile&quot;:&quot;none&quot;}\">\n\t\t\t<div class=\"elementor-widget-wrap elementor-element-populated\">\n\t\t\t\t\t\t<div class=\"elementor-element elementor-element-4e1346de elementor-widget elementor-widget-heading\" data-id=\"4e1346de\" data-element_type=\"widget\" data-e-type=\"widget\" data-widget_type=\"heading.default\">\n\t\t\t\t<div class=\"elementor-widget-container\">\n\t\t\t\t\t<h2 class=\"elementor-heading-title elementor-size-default\">BANNERBOW - EIN KONZEPT, WENN MAN GESEHEN WERDEN WILL<\/h2>\t\t\t\t<\/div>\n\t\t\t\t<\/div>\n\t\t\t\t<div class=\"elementor-element elementor-element-78623d3b elementor-widget-divider--view-line elementor-widget elementor-widget-divider\" data-id=\"78623d3b\" data-element_type=\"widget\" data-e-type=\"widget\" data-widget_type=\"divider.default\">\n\t\t\t\t<div class=\"elementor-widget-container\">\n\t\t\t\t\t\t\t<div class=\"elementor-divider\">\n\t\t\t<span class=\"elementor-divider-separator\">\n\t\t\t\t\t\t<\/span>\n\t\t<\/div>\n\t\t\t\t\t\t<\/div>\n\t\t\t\t<\/div>\n\t\t\t\t<div class=\"elementor-element elementor-element-1d8df784 elementor-widget elementor-widget-text-editor\" data-id=\"1d8df784\" data-element_type=\"widget\" data-e-type=\"widget\" data-widget_type=\"text-editor.default\">\n\t\t\t\t<div class=\"elementor-widget-container\">\n\t\t\t\t\t\t\t\t\t<p>Eventb\u00f6gen von Bannerbow k\u00f6nnen auf verschiedene Weise f\u00fcr Autoh\u00e4user eingesetzt werden. Sie k\u00f6nnen unsere B\u00f6gen im Au\u00dfenbereich verwenden, um eine Veranstaltung hervorzuheben. Die Eventb\u00f6gen sind flexibel und k\u00f6nnen leicht von einem Eingang zu einem Autohaus bewegt werden. Ein Produkt, das viele M\u00f6glichkeiten bietet.<\/p><h4>Kampagnen f\u00fcr Autoh\u00e4ndler<\/h4><p>Die Form unserer Eventb\u00f6gen macht sich gut in einem Autohausumfeld. Wenn Sie die Aufmerksamkeit auf eine bestimmte Kampagne oder ein Produkt lenken m\u00f6chten, k\u00f6nnen Sie den Bogen \u00fcber oder neben diesen Produkten platzieren, um das Interesse und die Neugier der Kunden zu wecken.<\/p>\t\t\t\t\t\t\t\t<\/div>\n\t\t\t\t<\/div>\n\t\t\t\t\t<\/div>\n\t\t<\/div>\n\t\t\t\t\t<\/div>\n\t\t<\/section>\n\t\t\t\t<section class=\"elementor-section elementor-inner-section elementor-element elementor-element-219209f elementor-reverse-mobile elementor-section-boxed elementor-section-height-default elementor-section-height-default\" data-id=\"219209f\" data-element_type=\"section\" data-e-type=\"section\">\n\t\t\t\t\t\t<div class=\"elementor-container elementor-column-gap-default\">\n\t\t\t\t\t<div class=\"elementor-column elementor-col-50 elementor-inner-column elementor-element elementor-element-7262db2 animated-slow elementor-invisible\" data-id=\"7262db2\" data-element_type=\"column\" data-e-type=\"column\" data-settings=\"{&quot;animation&quot;:&quot;fadeInLeft&quot;,&quot;animation_mobile&quot;:&quot;none&quot;}\">\n\t\t\t<div class=\"elementor-widget-wrap elementor-element-populated\">\n\t\t\t\t\t\t<div class=\"elementor-element elementor-element-9531364 elementor-widget elementor-widget-text-editor\" data-id=\"9531364\" data-element_type=\"widget\" data-e-type=\"widget\" data-settings=\"{&quot;_animation_mobile&quot;:&quot;none&quot;}\" data-widget_type=\"text-editor.default\">\n\t\t\t\t<div class=\"elementor-widget-container\">\n\t\t\t\t\t\t\t\t\t<p><strong>Der Kia-H\u00e4ndler<\/strong> - Wafab Bil in V\u00e4rmland, Schweden, hat sich in seinen Ausstellungsr\u00e4umen in Karlstad, Sunne, Arvika und Kristinehamn f\u00fcr Eventb\u00f6gen von Bannerbow entschieden. Sie haben die Vorteile der Mobilit\u00e4t und Flexibilit\u00e4t genutzt, indem sie die B\u00f6gen auch bei der Werbung auf Messen eingesetzt haben.<\/p>\t\t\t\t\t\t\t\t<\/div>\n\t\t\t\t<\/div>\n\t\t\t\t\t<\/div>\n\t\t<\/div>\n\t\t\t\t<div class=\"elementor-column elementor-col-50 elementor-inner-column elementor-element elementor-element-be8bcf2\" data-id=\"be8bcf2\" data-element_type=\"column\" data-e-type=\"column\">\n\t\t\t<div class=\"elementor-widget-wrap elementor-element-populated\">\n\t\t\t\t\t\t<div class=\"elementor-element elementor-element-cbe15f9 elementor-widget__width-initial elementor-widget elementor-widget-image\" data-id=\"cbe15f9\" data-element_type=\"widget\" data-e-type=\"widget\" data-settings=\"{&quot;_animation_mobile&quot;:&quot;none&quot;}\" data-widget_type=\"image.default\">\n\t\t\t\t<div class=\"elementor-widget-container\">\n\t\t\t\t\t\t\t\t\t\t\t\t\t\t\t\t<a href=\"https:\/\/bannerbow.com\/wp-content\/uploads\/2023\/02\/wafab_-bannerbow_grande-1.jpg\" data-elementor-open-lightbox=\"yes\" data-elementor-lightbox-title=\"wafab_-bannerbow_grande (1)\" data-e-action-hash=\"#elementor-action%3Aaction%3Dlightbox%26settings%3DeyJpZCI6MTkwMCwidXJsIjoiaHR0cHM6XC9cL2Jhbm5lcmJvdy5jb21cL3dwLWNvbnRlbnRcL3VwbG9hZHNcLzIwMjNcLzAyXC93YWZhYl8tYmFubmVyYm93X2dyYW5kZS0xLmpwZyJ9\">\n\t\t\t\t\t\t\t<img fetchpriority=\"high\" decoding=\"async\" width=\"1500\" height=\"720\" src=\"https:\/\/bannerbow.com\/wp-content\/uploads\/2023\/02\/wafab_-bannerbow_grande-1.jpg\" class=\"attachment-full size-full wp-image-1900\" alt=\"\" srcset=\"https:\/\/bannerbow.com\/wp-content\/uploads\/2023\/02\/wafab_-bannerbow_grande-1.jpg 1500w, https:\/\/bannerbow.com\/wp-content\/uploads\/2023\/02\/wafab_-bannerbow_grande-1-300x144.jpg 300w, https:\/\/bannerbow.com\/wp-content\/uploads\/2023\/02\/wafab_-bannerbow_grande-1-1024x492.jpg 1024w, https:\/\/bannerbow.com\/wp-content\/uploads\/2023\/02\/wafab_-bannerbow_grande-1-768x369.jpg 768w\" sizes=\"(max-width: 1500px) 100vw, 1500px\" \/>\t\t\t\t\t\t\t\t<\/a>\n\t\t\t\t\t\t\t\t\t\t\t\t\t\t\t<\/div>\n\t\t\t\t<\/div>\n\t\t\t\t\t<\/div>\n\t\t<\/div>\n\t\t\t\t\t<\/div>\n\t\t<\/section>\n\t\t\t\t<section class=\"elementor-section elementor-inner-section elementor-element elementor-element-a99b4bb elementor-section-boxed elementor-section-height-default elementor-section-height-default\" data-id=\"a99b4bb\" data-element_type=\"section\" data-e-type=\"section\">\n\t\t\t\t\t\t<div class=\"elementor-container elementor-column-gap-default\">\n\t\t\t\t\t<div class=\"elementor-column elementor-col-50 elementor-inner-column elementor-element elementor-element-224d33c\" data-id=\"224d33c\" data-element_type=\"column\" data-e-type=\"column\">\n\t\t\t<div class=\"elementor-widget-wrap elementor-element-populated\">\n\t\t\t\t\t\t<div class=\"elementor-element elementor-element-e39b6d5 elementor-widget elementor-widget-image\" data-id=\"e39b6d5\" data-element_type=\"widget\" data-e-type=\"widget\" data-settings=\"{&quot;_animation_mobile&quot;:&quot;none&quot;}\" data-widget_type=\"image.default\">\n\t\t\t\t<div class=\"elementor-widget-container\">\n\t\t\t\t\t\t\t\t\t\t\t\t\t\t\t\t<a href=\"https:\/\/bannerbow.com\/wp-content\/uploads\/2023\/02\/kia-serrander_bannerbow_grande.jpg\" data-elementor-open-lightbox=\"yes\" data-elementor-lightbox-title=\"Event arch car dealer\" data-elementor-lightbox-description=\"Here is a car dealer that is using event arch in Eskilstuna. \" data-e-action-hash=\"#elementor-action%3Aaction%3Dlightbox%26settings%3DeyJpZCI6MTkwMSwidXJsIjoiaHR0cHM6XC9cL2Jhbm5lcmJvdy5jb21cL3dwLWNvbnRlbnRcL3VwbG9hZHNcLzIwMjNcLzAyXC9raWEtc2VycmFuZGVyX2Jhbm5lcmJvd19ncmFuZGUuanBnIn0%3D\">\n\t\t\t\t\t\t\t<img decoding=\"async\" width=\"1500\" height=\"720\" src=\"https:\/\/bannerbow.com\/wp-content\/uploads\/2023\/02\/kia-serrander_bannerbow_grande.jpg\" class=\"attachment-full size-full wp-image-1901\" alt=\"Veranstaltung Bogen Autoh\u00e4ndler\" srcset=\"https:\/\/bannerbow.com\/wp-content\/uploads\/2023\/02\/kia-serrander_bannerbow_grande.jpg 1500w, https:\/\/bannerbow.com\/wp-content\/uploads\/2023\/02\/kia-serrander_bannerbow_grande-300x144.jpg 300w, https:\/\/bannerbow.com\/wp-content\/uploads\/2023\/02\/kia-serrander_bannerbow_grande-1024x492.jpg 1024w, https:\/\/bannerbow.com\/wp-content\/uploads\/2023\/02\/kia-serrander_bannerbow_grande-768x369.jpg 768w\" sizes=\"(max-width: 1500px) 100vw, 1500px\" \/>\t\t\t\t\t\t\t\t<\/a>\n\t\t\t\t\t\t\t\t\t\t\t\t\t\t\t<\/div>\n\t\t\t\t<\/div>\n\t\t\t\t\t<\/div>\n\t\t<\/div>\n\t\t\t\t<div class=\"elementor-column elementor-col-50 elementor-inner-column elementor-element elementor-element-422d3f1 animated-slow elementor-invisible\" data-id=\"422d3f1\" data-element_type=\"column\" data-e-type=\"column\" data-settings=\"{&quot;animation&quot;:&quot;fadeInRight&quot;,&quot;animation_mobile&quot;:&quot;none&quot;}\">\n\t\t\t<div class=\"elementor-widget-wrap elementor-element-populated\">\n\t\t\t\t\t\t<div class=\"elementor-element elementor-element-6955e0a elementor-widget elementor-widget-text-editor\" data-id=\"6955e0a\" data-element_type=\"widget\" data-e-type=\"widget\" data-settings=\"{&quot;_animation_mobile&quot;:&quot;none&quot;}\" data-widget_type=\"text-editor.default\">\n\t\t\t\t<div class=\"elementor-widget-container\">\n\t\t\t\t\t\t\t\t\t<p><strong>Kia-H\u00e4ndler<\/strong> - Serrander Bil in Eskilstuna hat sich f\u00fcr seinen Ausstellungsraum f\u00fcr Eventb\u00f6gen von Bannerbow entschieden, um ausgew\u00e4hlte Modelle hervorzuheben und sein Gesch\u00e4ft sowohl im Innen- als auch im Au\u00dfenbereich zu profilieren.<\/p>\t\t\t\t\t\t\t\t<\/div>\n\t\t\t\t<\/div>\n\t\t\t\t\t<\/div>\n\t\t<\/div>\n\t\t\t\t\t<\/div>\n\t\t<\/section>\n\t\t\t\t<section class=\"elementor-section elementor-inner-section elementor-element elementor-element-052e9c6 elementor-reverse-mobile elementor-section-boxed elementor-section-height-default elementor-section-height-default\" data-id=\"052e9c6\" data-element_type=\"section\" data-e-type=\"section\">\n\t\t\t\t\t\t<div class=\"elementor-container elementor-column-gap-default\">\n\t\t\t\t\t<div class=\"elementor-column elementor-col-50 elementor-inner-column elementor-element elementor-element-41ca979 animated-slow elementor-invisible\" data-id=\"41ca979\" data-element_type=\"column\" data-e-type=\"column\" data-settings=\"{&quot;animation&quot;:&quot;fadeInLeft&quot;,&quot;animation_mobile&quot;:&quot;none&quot;}\">\n\t\t\t<div class=\"elementor-widget-wrap elementor-element-populated\">\n\t\t\t\t\t\t<div class=\"elementor-element elementor-element-8212098 elementor-widget elementor-widget-text-editor\" data-id=\"8212098\" data-element_type=\"widget\" data-e-type=\"widget\" data-settings=\"{&quot;_animation_mobile&quot;:&quot;none&quot;}\" data-widget_type=\"text-editor.default\">\n\t\t\t\t<div class=\"elementor-widget-container\">\n\t\t\t\t\t\t\t\t\t<p><strong>M\u00f6ller Bil<\/strong> - autorisierter H\u00e4ndler von Volkswagen und Audi profiliert seinen Showroom mit Bannerbows Eventb\u00f6gen. Ein effektiver Weg, um ausgew\u00e4hlte Modelle oder Kampagnen hervorzuheben.<\/p>\t\t\t\t\t\t\t\t<\/div>\n\t\t\t\t<\/div>\n\t\t\t\t\t<\/div>\n\t\t<\/div>\n\t\t\t\t<div class=\"elementor-column elementor-col-50 elementor-inner-column elementor-element elementor-element-95ca3ea\" data-id=\"95ca3ea\" data-element_type=\"column\" data-e-type=\"column\">\n\t\t\t<div class=\"elementor-widget-wrap elementor-element-populated\">\n\t\t\t\t\t\t<div class=\"elementor-element elementor-element-2ef5207 elementor-widget elementor-widget-image\" data-id=\"2ef5207\" data-element_type=\"widget\" data-e-type=\"widget\" data-settings=\"{&quot;_animation_mobile&quot;:&quot;none&quot;}\" data-widget_type=\"image.default\">\n\t\t\t\t<div class=\"elementor-widget-container\">\n\t\t\t\t\t\t\t\t\t\t\t\t\t\t\t<img decoding=\"async\" width=\"1500\" height=\"720\" src=\"https:\/\/bannerbow.com\/wp-content\/uploads\/2023\/02\/volkswagen_bannerbow_grande.jpg\" class=\"attachment-full size-full wp-image-1902\" alt=\"\" srcset=\"https:\/\/bannerbow.com\/wp-content\/uploads\/2023\/02\/volkswagen_bannerbow_grande.jpg 1500w, https:\/\/bannerbow.com\/wp-content\/uploads\/2023\/02\/volkswagen_bannerbow_grande-300x144.jpg 300w, https:\/\/bannerbow.com\/wp-content\/uploads\/2023\/02\/volkswagen_bannerbow_grande-1024x492.jpg 1024w, https:\/\/bannerbow.com\/wp-content\/uploads\/2023\/02\/volkswagen_bannerbow_grande-768x369.jpg 768w\" sizes=\"(max-width: 1500px) 100vw, 1500px\" \/>\t\t\t\t\t\t\t\t\t\t\t\t\t\t\t<\/div>\n\t\t\t\t<\/div>\n\t\t\t\t\t<\/div>\n\t\t<\/div>\n\t\t\t\t\t<\/div>\n\t\t<\/section>\n\t\t\t\t<section class=\"elementor-section elementor-inner-section elementor-element elementor-element-0cc4d7d elementor-reverse-mobile elementor-section-boxed elementor-section-height-default elementor-section-height-default\" data-id=\"0cc4d7d\" data-element_type=\"section\" data-e-type=\"section\">\n\t\t\t\t\t\t<div class=\"elementor-container elementor-column-gap-default\">\n\t\t\t\t\t<div class=\"elementor-column elementor-col-50 elementor-inner-column elementor-element elementor-element-440f3bb animated-slow elementor-invisible\" data-id=\"440f3bb\" data-element_type=\"column\" data-e-type=\"column\" data-settings=\"{&quot;animation&quot;:&quot;fadeInLeft&quot;,&quot;animation_mobile&quot;:&quot;none&quot;}\">\n\t\t\t<div class=\"elementor-widget-wrap elementor-element-populated\">\n\t\t\t\t\t\t<div class=\"elementor-element elementor-element-794b086 elementor-widget elementor-widget-text-editor\" data-id=\"794b086\" data-element_type=\"widget\" data-e-type=\"widget\" data-settings=\"{&quot;_animation_mobile&quot;:&quot;none&quot;}\" data-widget_type=\"text-editor.default\">\n\t\t\t\t<div class=\"elementor-widget-container\">\n\t\t\t\t\t\t\t\t\t<p><strong>M\u00f6ller Bil<\/strong> - autorisierter H\u00e4ndler von Volkswagen und Audi profiliert seinen Showroom mit Bannerbows Eventb\u00f6gen. Ein effektiver Weg, um ausgew\u00e4hlte Modelle oder Kampagnen hervorzuheben.<\/p>\t\t\t\t\t\t\t\t<\/div>\n\t\t\t\t<\/div>\n\t\t\t\t\t<\/div>\n\t\t<\/div>\n\t\t\t\t<div class=\"elementor-column elementor-col-50 elementor-inner-column elementor-element elementor-element-3f6ebe0\" data-id=\"3f6ebe0\" data-element_type=\"column\" data-e-type=\"column\">\n\t\t\t<div class=\"elementor-widget-wrap\">\n\t\t\t\t\t\t\t<\/div>\n\t\t<\/div>\n\t\t\t\t\t<\/div>\n\t\t<\/section>\n\t\t\t\t\t<\/div>\n\t\t<\/div>\n\t\t\t\t\t<\/div>\n\t\t<\/section>\n\t\t\t\t<\/div>","protected":false},"excerpt":{"rendered":"<p>Cars BANNERBOW &#8211; A CONCEPT FOR WHEN YOU WANT TO BE SEEN Event arches from Bannerbow can be used in several ways for car dealer stores. You can use our arches outside to highlight an event. The event arches are flexible and can easily be moved from an entrance to a car showroom. One product [&hellip;]<\/p>\n","protected":false},"author":1,"featured_media":0,"parent":0,"menu_order":0,"comment_status":"closed","ping_status":"closed","template":"","meta":{"footnotes":""},"class_list":["post-1898","page","type-page","status-publish","hentry"],"_links":{"self":[{"href":"https:\/\/bannerbow.com\/de\/wp-json\/wp\/v2\/pages\/1898","targetHints":{"allow":["GET"]}}],"collection":[{"href":"https:\/\/bannerbow.com\/de\/wp-json\/wp\/v2\/pages"}],"about":[{"href":"https:\/\/bannerbow.com\/de\/wp-json\/wp\/v2\/types\/page"}],"author":[{"embeddable":true,"href":"https:\/\/bannerbow.com\/de\/wp-json\/wp\/v2\/users\/1"}],"replies":[{"embeddable":true,"href":"https:\/\/bannerbow.com\/de\/wp-json\/wp\/v2\/comments?post=1898"}],"version-history":[{"count":55,"href":"https:\/\/bannerbow.com\/de\/wp-json\/wp\/v2\/pages\/1898\/revisions"}],"predecessor-version":[{"id":6470,"href":"https:\/\/bannerbow.com\/de\/wp-json\/wp\/v2\/pages\/1898\/revisions\/6470"}],"wp:attachment":[{"href":"https:\/\/bannerbow.com\/de\/wp-json\/wp\/v2\/media?parent=1898"}],"curies":[{"name":"wp","href":"https:\/\/api.w.org\/{rel}","templated":true}]}}