{"id":1957,"date":"2023-02-23T13:05:17","date_gmt":"2023-02-23T13:05:17","guid":{"rendered":"https:\/\/hemsida.bannerbow.com\/?page_id=1957"},"modified":"2023-02-27T06:33:00","modified_gmt":"2023-02-27T06:33:00","slug":"exhibition","status":"publish","type":"page","link":"https:\/\/bannerbow.com\/de\/exhibition\/","title":{"rendered":"Ausstellung"},"content":{"rendered":"<div data-elementor-type=\"wp-page\" data-elementor-id=\"1957\" class=\"elementor elementor-1957\" data-elementor-post-type=\"page\">\n\t\t\t\t\t\t<section class=\"elementor-section elementor-top-section elementor-element elementor-element-82ae816 elementor-section-height-min-height elementor-section-boxed elementor-section-height-default elementor-section-items-middle\" data-id=\"82ae816\" data-element_type=\"section\" data-e-type=\"section\" data-settings=\"{&quot;background_background&quot;:&quot;classic&quot;}\">\n\t\t\t\t\t\t<div class=\"elementor-container elementor-column-gap-default\">\n\t\t\t\t\t<div class=\"elementor-column elementor-col-100 elementor-top-column elementor-element elementor-element-9babd84\" data-id=\"9babd84\" data-element_type=\"column\" data-e-type=\"column\">\n\t\t\t<div class=\"elementor-widget-wrap elementor-element-populated\">\n\t\t\t\t\t\t<section class=\"elementor-section elementor-inner-section elementor-element elementor-element-fed917c elementor-reverse-mobile elementor-section-boxed elementor-section-height-default elementor-section-height-default\" data-id=\"fed917c\" data-element_type=\"section\" data-e-type=\"section\">\n\t\t\t\t\t\t<div class=\"elementor-container elementor-column-gap-default\">\n\t\t\t\t\t<div class=\"elementor-column elementor-col-100 elementor-inner-column elementor-element elementor-element-2879809\" data-id=\"2879809\" data-element_type=\"column\" data-e-type=\"column\">\n\t\t\t<div class=\"elementor-widget-wrap elementor-element-populated\">\n\t\t\t\t\t\t<div class=\"elementor-element elementor-element-c9a7703 elementor-widget elementor-widget-heading\" data-id=\"c9a7703\" data-element_type=\"widget\" data-e-type=\"widget\" data-widget_type=\"heading.default\">\n\t\t\t\t<div class=\"elementor-widget-container\">\n\t\t\t\t\t<h1 class=\"elementor-heading-title elementor-size-default\">Ausstellung<\/h1>\t\t\t\t<\/div>\n\t\t\t\t<\/div>\n\t\t\t\t\t<\/div>\n\t\t<\/div>\n\t\t\t\t\t<\/div>\n\t\t<\/section>\n\t\t\t\t\t<\/div>\n\t\t<\/div>\n\t\t\t\t\t<\/div>\n\t\t<\/section>\n\t\t\t\t<section class=\"elementor-section elementor-top-section elementor-element elementor-element-1bef05bc elementor-section-boxed elementor-section-height-default elementor-section-height-default\" data-id=\"1bef05bc\" data-element_type=\"section\" data-e-type=\"section\">\n\t\t\t\t\t\t<div class=\"elementor-container elementor-column-gap-default\">\n\t\t\t\t\t<div class=\"elementor-column elementor-col-50 elementor-top-column elementor-element elementor-element-5a24e68a\" data-id=\"5a24e68a\" data-element_type=\"column\" data-e-type=\"column\">\n\t\t\t<div class=\"elementor-widget-wrap elementor-element-populated\">\n\t\t\t\t\t\t<div class=\"elementor-element elementor-element-48b72c7d elementor-widget elementor-widget-heading\" data-id=\"48b72c7d\" data-element_type=\"widget\" data-e-type=\"widget\" data-widget_type=\"heading.default\">\n\t\t\t\t<div class=\"elementor-widget-container\">\n\t\t\t\t\t<h2 class=\"elementor-heading-title elementor-size-default\">Bannerbow - Wenn Sie gesehen werden wollen<\/h2>\t\t\t\t<\/div>\n\t\t\t\t<\/div>\n\t\t\t\t<div class=\"elementor-element elementor-element-44aa99ac elementor-widget-divider--view-line elementor-invisible elementor-widget elementor-widget-divider\" data-id=\"44aa99ac\" data-element_type=\"widget\" data-e-type=\"widget\" data-settings=\"{&quot;_animation&quot;:&quot;slideInRight&quot;,&quot;_animation_delay&quot;:450,&quot;_animation_mobile&quot;:&quot;none&quot;}\" data-widget_type=\"divider.default\">\n\t\t\t\t<div class=\"elementor-widget-container\">\n\t\t\t\t\t\t\t<div class=\"elementor-divider\">\n\t\t\t<span class=\"elementor-divider-separator\">\n\t\t\t\t\t\t<\/span>\n\t\t<\/div>\n\t\t\t\t\t\t<\/div>\n\t\t\t\t<\/div>\n\t\t\t\t<div class=\"elementor-element elementor-element-6631860c animated-slow elementor-invisible elementor-widget elementor-widget-text-editor\" data-id=\"6631860c\" data-element_type=\"widget\" data-e-type=\"widget\" data-settings=\"{&quot;_animation&quot;:&quot;slideInRight&quot;,&quot;_animation_delay&quot;:650,&quot;_animation_mobile&quot;:&quot;none&quot;}\" data-widget_type=\"text-editor.default\">\n\t\t\t\t<div class=\"elementor-widget-container\">\n\t\t\t\t\t\t\t\t\t<p>Ganz gleich, ob Sie an einer Roadshow oder einem Event teilnehmen, die Produkte von Bannerbow verleihen Ihnen das gewisse Extra an Flair. Die Eventb\u00f6gen sind flexibel und lassen sich leicht von einem Eingang zu einem Messestand bewegen. Ein Produkt, das viele M\u00f6glichkeiten bietet.<\/p>\t\t\t\t\t\t\t\t<\/div>\n\t\t\t\t<\/div>\n\t\t\t\t\t<\/div>\n\t\t<\/div>\n\t\t\t\t<div class=\"elementor-column elementor-col-50 elementor-top-column elementor-element elementor-element-fee6ed5\" data-id=\"fee6ed5\" data-element_type=\"column\" data-e-type=\"column\">\n\t\t\t<div class=\"elementor-widget-wrap elementor-element-populated\">\n\t\t\t\t\t\t<div class=\"elementor-element elementor-element-6db7ed8 elementor-widget elementor-widget-image\" data-id=\"6db7ed8\" data-element_type=\"widget\" data-e-type=\"widget\" data-widget_type=\"image.default\">\n\t\t\t\t<div class=\"elementor-widget-container\">\n\t\t\t\t\t\t\t\t\t\t\t\t\t\t\t<img fetchpriority=\"high\" decoding=\"async\" width=\"1500\" height=\"720\" src=\"https:\/\/bannerbow.com\/wp-content\/uploads\/2023\/02\/bannerbow_massa_massmonter_grande.jpg\" class=\"attachment-full size-full wp-image-1959\" alt=\"\" srcset=\"https:\/\/bannerbow.com\/wp-content\/uploads\/2023\/02\/bannerbow_massa_massmonter_grande.jpg 1500w, https:\/\/bannerbow.com\/wp-content\/uploads\/2023\/02\/bannerbow_massa_massmonter_grande-300x144.jpg 300w, https:\/\/bannerbow.com\/wp-content\/uploads\/2023\/02\/bannerbow_massa_massmonter_grande-1024x492.jpg 1024w, https:\/\/bannerbow.com\/wp-content\/uploads\/2023\/02\/bannerbow_massa_massmonter_grande-768x369.jpg 768w\" sizes=\"(max-width: 1500px) 100vw, 1500px\" \/>\t\t\t\t\t\t\t\t\t\t\t\t\t\t\t<\/div>\n\t\t\t\t<\/div>\n\t\t\t\t\t<\/div>\n\t\t<\/div>\n\t\t\t\t\t<\/div>\n\t\t<\/section>\n\t\t\t\t<section class=\"elementor-section elementor-top-section elementor-element elementor-element-1864335 elementor-section-boxed elementor-section-height-default elementor-section-height-default\" data-id=\"1864335\" data-element_type=\"section\" data-e-type=\"section\">\n\t\t\t\t\t\t<div class=\"elementor-container elementor-column-gap-default\">\n\t\t\t\t\t<div class=\"elementor-column elementor-col-100 elementor-top-column elementor-element elementor-element-8842523\" data-id=\"8842523\" data-element_type=\"column\" data-e-type=\"column\">\n\t\t\t<div class=\"elementor-widget-wrap elementor-element-populated\">\n\t\t\t\t\t\t<div class=\"elementor-element elementor-element-63a531e elementor-widget elementor-widget-heading\" data-id=\"63a531e\" data-element_type=\"widget\" data-e-type=\"widget\" data-widget_type=\"heading.default\">\n\t\t\t\t<div class=\"elementor-widget-container\">\n\t\t\t\t\t<h3 class=\"elementor-heading-title elementor-size-default\">BACKDROP + EVENTBOGEN = KOMPLETTSTAND<\/h3>\t\t\t\t<\/div>\n\t\t\t\t<\/div>\n\t\t\t\t\t<\/div>\n\t\t<\/div>\n\t\t\t\t\t<\/div>\n\t\t<\/section>\n\t\t\t\t<section class=\"elementor-section elementor-top-section elementor-element elementor-element-51d4a60 elementor-section-boxed elementor-section-height-default elementor-section-height-default\" data-id=\"51d4a60\" data-element_type=\"section\" data-e-type=\"section\">\n\t\t\t\t\t\t<div class=\"elementor-container elementor-column-gap-default\">\n\t\t\t\t\t<div class=\"elementor-column elementor-col-100 elementor-top-column elementor-element elementor-element-b8e9d92\" data-id=\"b8e9d92\" data-element_type=\"column\" data-e-type=\"column\">\n\t\t\t<div class=\"elementor-widget-wrap elementor-element-populated\">\n\t\t\t\t\t\t<div class=\"elementor-element elementor-element-3bb3ba6 animated-slow elementor-invisible elementor-widget elementor-widget-text-editor\" data-id=\"3bb3ba6\" data-element_type=\"widget\" data-e-type=\"widget\" data-settings=\"{&quot;_animation&quot;:&quot;slideInRight&quot;,&quot;_animation_delay&quot;:650,&quot;_animation_mobile&quot;:&quot;none&quot;}\" data-widget_type=\"text-editor.default\">\n\t\t\t\t<div class=\"elementor-widget-container\">\n\t\t\t\t\t\t\t\t\t<p>Mit einem intelligenten Set, das eine Kulisse und einen Eventbogen enth\u00e4lt, erhalten Sie eine perfekte Basis f\u00fcr Ihren Messestand. Wir bieten Ihnen eine tragbare L\u00f6sung, die in einer flexiblen Tasche auf R\u00e4dern geliefert wird. Es ist eine nachhaltige Wahl, die f\u00fcr eine lange Lebensdauer sorgt. F\u00fcgen Sie Ihre vorhandenen Marketingmaterialien wie Roll-ups, Pop-up-Tische oder \u00e4hnliches hinzu und Sie erhalten eine kosteng\u00fcnstige Investition und eine flexible L\u00f6sung.<\/p>\t\t\t\t\t\t\t\t<\/div>\n\t\t\t\t<\/div>\n\t\t\t\t\t<\/div>\n\t\t<\/div>\n\t\t\t\t\t<\/div>\n\t\t<\/section>\n\t\t\t\t<section class=\"elementor-section elementor-top-section elementor-element elementor-element-181bf3f elementor-section-boxed elementor-section-height-default elementor-section-height-default\" data-id=\"181bf3f\" data-element_type=\"section\" data-e-type=\"section\">\n\t\t\t\t\t\t<div class=\"elementor-container elementor-column-gap-default\">\n\t\t\t\t\t<div class=\"elementor-column elementor-col-100 elementor-top-column elementor-element elementor-element-9bddbc7\" data-id=\"9bddbc7\" data-element_type=\"column\" data-e-type=\"column\">\n\t\t\t<div class=\"elementor-widget-wrap elementor-element-populated\">\n\t\t\t\t\t\t<div class=\"elementor-element elementor-element-7fe04c2 elementor-widget elementor-widget-image\" data-id=\"7fe04c2\" data-element_type=\"widget\" data-e-type=\"widget\" data-widget_type=\"image.default\">\n\t\t\t\t<div class=\"elementor-widget-container\">\n\t\t\t\t\t\t\t\t\t\t\t\t\t\t\t<img decoding=\"async\" width=\"1500\" height=\"720\" src=\"https:\/\/bannerbow.com\/wp-content\/uploads\/2023\/02\/mmassmonter-med-eventbage_grande-1.jpg\" class=\"attachment-full size-full wp-image-1960\" alt=\"\" srcset=\"https:\/\/bannerbow.com\/wp-content\/uploads\/2023\/02\/mmassmonter-med-eventbage_grande-1.jpg 1500w, https:\/\/bannerbow.com\/wp-content\/uploads\/2023\/02\/mmassmonter-med-eventbage_grande-1-300x144.jpg 300w, https:\/\/bannerbow.com\/wp-content\/uploads\/2023\/02\/mmassmonter-med-eventbage_grande-1-1024x492.jpg 1024w, https:\/\/bannerbow.com\/wp-content\/uploads\/2023\/02\/mmassmonter-med-eventbage_grande-1-768x369.jpg 768w\" sizes=\"(max-width: 1500px) 100vw, 1500px\" \/>\t\t\t\t\t\t\t\t\t\t\t\t\t\t\t<\/div>\n\t\t\t\t<\/div>\n\t\t\t\t\t<\/div>\n\t\t<\/div>\n\t\t\t\t\t<\/div>\n\t\t<\/section>\n\t\t\t\t<\/div>","protected":false},"excerpt":{"rendered":"<p>Exhibition Bannerbow &#8211; For When You Want To Be Seen Whether you are participating in a roadshow or an event, Bannerbow products can inject that little bit of extra flair you are looking for. The event arches are flexible and can easily be moved from an entrance to an exhibition stand. One product which offers [&hellip;]<\/p>\n","protected":false},"author":1,"featured_media":0,"parent":0,"menu_order":0,"comment_status":"closed","ping_status":"closed","template":"","meta":{"footnotes":""},"class_list":["post-1957","page","type-page","status-publish","hentry"],"_links":{"self":[{"href":"https:\/\/bannerbow.com\/de\/wp-json\/wp\/v2\/pages\/1957","targetHints":{"allow":["GET"]}}],"collection":[{"href":"https:\/\/bannerbow.com\/de\/wp-json\/wp\/v2\/pages"}],"about":[{"href":"https:\/\/bannerbow.com\/de\/wp-json\/wp\/v2\/types\/page"}],"author":[{"embeddable":true,"href":"https:\/\/bannerbow.com\/de\/wp-json\/wp\/v2\/users\/1"}],"replies":[{"embeddable":true,"href":"https:\/\/bannerbow.com\/de\/wp-json\/wp\/v2\/comments?post=1957"}],"version-history":[{"count":16,"href":"https:\/\/bannerbow.com\/de\/wp-json\/wp\/v2\/pages\/1957\/revisions"}],"predecessor-version":[{"id":2452,"href":"https:\/\/bannerbow.com\/de\/wp-json\/wp\/v2\/pages\/1957\/revisions\/2452"}],"wp:attachment":[{"href":"https:\/\/bannerbow.com\/de\/wp-json\/wp\/v2\/media?parent=1957"}],"curies":[{"name":"wp","href":"https:\/\/api.w.org\/{rel}","templated":true}]}}