{"id":1927,"date":"2023-02-23T10:58:04","date_gmt":"2023-02-23T10:58:04","guid":{"rendered":"https:\/\/hemsida.bannerbow.com\/?page_id=1927"},"modified":"2023-05-24T07:41:11","modified_gmt":"2023-05-24T07:41:11","slug":"sport","status":"publish","type":"page","link":"https:\/\/bannerbow.com\/sv\/sport\/","title":{"rendered":"Sport"},"content":{"rendered":"<div data-elementor-type=\"wp-page\" data-elementor-id=\"1927\" class=\"elementor elementor-1927\" data-elementor-post-type=\"page\">\n\t\t\t\t\t\t<section class=\"elementor-section elementor-top-section elementor-element elementor-element-6b8ad9a3 elementor-section-height-min-height elementor-section-boxed elementor-section-height-default elementor-section-items-middle\" data-id=\"6b8ad9a3\" data-element_type=\"section\" data-e-type=\"section\" data-settings=\"{&quot;background_background&quot;:&quot;classic&quot;}\">\n\t\t\t\t\t\t\t<div class=\"elementor-background-overlay\"><\/div>\n\t\t\t\t\t\t\t<div class=\"elementor-container elementor-column-gap-default\">\n\t\t\t\t\t<div class=\"elementor-column elementor-col-100 elementor-top-column elementor-element elementor-element-7573c190\" data-id=\"7573c190\" data-element_type=\"column\" data-e-type=\"column\">\n\t\t\t<div class=\"elementor-widget-wrap elementor-element-populated\">\n\t\t\t\t\t\t<section class=\"elementor-section elementor-inner-section elementor-element elementor-element-144ed454 elementor-section-boxed elementor-section-height-default elementor-section-height-default\" data-id=\"144ed454\" data-element_type=\"section\" data-e-type=\"section\">\n\t\t\t\t\t\t<div class=\"elementor-container elementor-column-gap-default\">\n\t\t\t\t\t<div class=\"elementor-column elementor-col-100 elementor-inner-column elementor-element elementor-element-3058bd9b\" data-id=\"3058bd9b\" data-element_type=\"column\" data-e-type=\"column\">\n\t\t\t<div class=\"elementor-widget-wrap elementor-element-populated\">\n\t\t\t\t\t\t<div class=\"elementor-element elementor-element-326b1466 elementor-widget elementor-widget-heading\" data-id=\"326b1466\" data-element_type=\"widget\" data-e-type=\"widget\" data-widget_type=\"heading.default\">\n\t\t\t\t<div class=\"elementor-widget-container\">\n\t\t\t\t\t<h1 class=\"elementor-heading-title elementor-size-default\">Sport<\/h1>\t\t\t\t<\/div>\n\t\t\t\t<\/div>\n\t\t\t\t\t<\/div>\n\t\t<\/div>\n\t\t\t\t\t<\/div>\n\t\t<\/section>\n\t\t\t\t\t<\/div>\n\t\t<\/div>\n\t\t\t\t\t<\/div>\n\t\t<\/section>\n\t\t\t\t<section class=\"elementor-section elementor-top-section elementor-element elementor-element-78e28463 elementor-section-full_width elementor-hidden-tablet elementor-hidden-mobile elementor-section-height-default elementor-section-height-default\" data-id=\"78e28463\" data-element_type=\"section\" data-e-type=\"section\">\n\t\t\t\t\t\t<div class=\"elementor-container elementor-column-gap-default\">\n\t\t\t\t\t<div class=\"elementor-column elementor-col-100 elementor-top-column elementor-element elementor-element-6ed7c038\" data-id=\"6ed7c038\" data-element_type=\"column\" data-e-type=\"column\">\n\t\t\t<div class=\"elementor-widget-wrap elementor-element-populated\">\n\t\t\t\t\t\t<section class=\"elementor-section elementor-inner-section elementor-element elementor-element-7525db55 elementor-reverse-tablet elementor-reverse-mobile elementor-section-boxed elementor-section-height-default elementor-section-height-default\" data-id=\"7525db55\" data-element_type=\"section\" data-e-type=\"section\">\n\t\t\t\t\t\t<div class=\"elementor-container elementor-column-gap-default\">\n\t\t\t\t\t<div class=\"elementor-column elementor-col-50 elementor-inner-column elementor-element elementor-element-428c585f animated-slow elementor-invisible\" data-id=\"428c585f\" data-element_type=\"column\" data-e-type=\"column\" data-settings=\"{&quot;animation&quot;:&quot;fadeInLeft&quot;}\">\n\t\t\t<div class=\"elementor-widget-wrap elementor-element-populated\">\n\t\t\t\t\t\t<div class=\"elementor-element elementor-element-5783fcbb elementor-widget elementor-widget-heading\" data-id=\"5783fcbb\" data-element_type=\"widget\" data-e-type=\"widget\" data-widget_type=\"heading.default\">\n\t\t\t\t<div class=\"elementor-widget-container\">\n\t\t\t\t\t<h2 class=\"elementor-heading-title elementor-size-default\">BANNERBOW F\u00d6R SPORTEVENEMANG OCH SPONSRING<\/h2>\t\t\t\t<\/div>\n\t\t\t\t<\/div>\n\t\t\t\t<div class=\"elementor-element elementor-element-20d0b930 elementor-widget-divider--view-line elementor-widget elementor-widget-divider\" data-id=\"20d0b930\" data-element_type=\"widget\" data-e-type=\"widget\" data-widget_type=\"divider.default\">\n\t\t\t\t<div class=\"elementor-widget-container\">\n\t\t\t\t\t\t\t<div class=\"elementor-divider\">\n\t\t\t<span class=\"elementor-divider-separator\">\n\t\t\t\t\t\t<\/span>\n\t\t<\/div>\n\t\t\t\t\t\t<\/div>\n\t\t\t\t<\/div>\n\t\t\t\t<div class=\"elementor-element elementor-element-60df1720 elementor-widget elementor-widget-text-editor\" data-id=\"60df1720\" data-element_type=\"widget\" data-e-type=\"widget\" data-widget_type=\"text-editor.default\">\n\t\t\t\t<div class=\"elementor-widget-container\">\n\t\t\t\t\t\t\t\t\t<p>Bannerbows eventb\u00e5gar skapar atmosf\u00e4r och drar till sig uppm\u00e4rksamhet p\u00e5 vilken plats som helst. Placera dem vid entr\u00e9n f\u00f6r att f\u00e5 bes\u00f6kare att k\u00e4nna sig som VIP-g\u00e4ster eller placera tv\u00e5 b\u00e5gar mitt p\u00e5 planen i ett kors s\u00e5 att matchsponsorer \u00e4r synliga fr\u00e5n alla vinklar. Skapa en spelartunnel av flera b\u00e5gar, s\u00e4tt fullt fokus p\u00e5 dina spelare och ge dem en imponerande entr\u00e9.<\/p><h4>Den betalar sig sj\u00e4lv och lite till.<\/h4><p>Eventb\u00e5garna kan generera int\u00e4kter f\u00f6r ditt f\u00f6retag. Bannerbows produkter ger dig ett nytt och effektivt s\u00e4tt att visa upp dina sponsorer. Genom att s\u00e4lja annonsutrymme p\u00e5 duken kan du inte bara t\u00e4cka kostnaden f\u00f6r eventb\u00e5gen, utan ocks\u00e5 skapa en ny k\u00e4lla till sponsorint\u00e4kter.<\/p>\t\t\t\t\t\t\t\t<\/div>\n\t\t\t\t<\/div>\n\t\t\t\t\t<\/div>\n\t\t<\/div>\n\t\t\t\t<div class=\"elementor-column elementor-col-50 elementor-inner-column elementor-element elementor-element-79e4917 animated-slow elementor-invisible\" data-id=\"79e4917\" data-element_type=\"column\" data-e-type=\"column\" data-settings=\"{&quot;animation&quot;:&quot;fadeInLeft&quot;}\">\n\t\t\t<div class=\"elementor-widget-wrap elementor-element-populated\">\n\t\t\t\t\t\t<div class=\"elementor-element elementor-element-d7a67bb elementor-widget elementor-widget-video\" data-id=\"d7a67bb\" data-element_type=\"widget\" data-e-type=\"widget\" data-settings=\"{&quot;video_type&quot;:&quot;vimeo&quot;,&quot;autoplay&quot;:&quot;yes&quot;,&quot;play_on_mobile&quot;:&quot;yes&quot;,&quot;mute&quot;:&quot;yes&quot;,&quot;loop&quot;:&quot;yes&quot;}\" data-widget_type=\"video.default\">\n\t\t\t\t<div class=\"elementor-widget-container\">\n\t\t\t\t\t\t\t<div class=\"elementor-wrapper elementor-open-inline\">\n\t\t\t<iframe class=\"elementor-video-iframe\" allowfullscreen allow=\"autoplay\" title=\"vimeo-videospelare\" src=\"https:\/\/player.vimeo.com\/video\/279464926?autoplay=1&amp;playsinline=1&amp;color&amp;autopause=0&amp;loop=1&amp;muted=1&amp;title=1&amp;portrait=1&amp;byline=1#t=\" data-no-translation-title=\"\"><\/iframe>\t\t<\/div>\n\t\t\t\t\t\t<\/div>\n\t\t\t\t<\/div>\n\t\t\t\t\t<\/div>\n\t\t<\/div>\n\t\t\t\t\t<\/div>\n\t\t<\/section>\n\t\t\t\t<section class=\"elementor-section elementor-inner-section elementor-element elementor-element-156d74a elementor-section-boxed elementor-section-height-default elementor-section-height-default\" data-id=\"156d74a\" data-element_type=\"section\" data-e-type=\"section\">\n\t\t\t\t\t\t<div class=\"elementor-container elementor-column-gap-default\">\n\t\t\t\t\t<div class=\"elementor-column elementor-col-50 elementor-inner-column elementor-element elementor-element-713fe8a\" data-id=\"713fe8a\" data-element_type=\"column\" data-e-type=\"column\">\n\t\t\t<div class=\"elementor-widget-wrap elementor-element-populated\">\n\t\t\t\t\t\t<div class=\"elementor-element elementor-element-8d044bd elementor-widget elementor-widget-image\" data-id=\"8d044bd\" data-element_type=\"widget\" data-e-type=\"widget\" data-widget_type=\"image.default\">\n\t\t\t\t<div class=\"elementor-widget-container\">\n\t\t\t\t\t\t\t\t\t\t\t\t\t\t\t<img fetchpriority=\"high\" decoding=\"async\" width=\"1500\" height=\"720\" src=\"https:\/\/bannerbow.com\/wp-content\/uploads\/2023\/02\/eskilstunaunited_hjarta_grande.jpg\" class=\"attachment-full size-full wp-image-1929\" alt=\"\" srcset=\"https:\/\/bannerbow.com\/wp-content\/uploads\/2023\/02\/eskilstunaunited_hjarta_grande.jpg 1500w, https:\/\/bannerbow.com\/wp-content\/uploads\/2023\/02\/eskilstunaunited_hjarta_grande-300x144.jpg 300w, https:\/\/bannerbow.com\/wp-content\/uploads\/2023\/02\/eskilstunaunited_hjarta_grande-1024x492.jpg 1024w, https:\/\/bannerbow.com\/wp-content\/uploads\/2023\/02\/eskilstunaunited_hjarta_grande-768x369.jpg 768w\" sizes=\"(max-width: 1500px) 100vw, 1500px\" \/>\t\t\t\t\t\t\t\t\t\t\t\t\t\t\t<\/div>\n\t\t\t\t<\/div>\n\t\t\t\t\t<\/div>\n\t\t<\/div>\n\t\t\t\t<div class=\"elementor-column elementor-col-50 elementor-inner-column elementor-element elementor-element-5d01e94 animated-slow elementor-invisible\" data-id=\"5d01e94\" data-element_type=\"column\" data-e-type=\"column\" data-settings=\"{&quot;animation&quot;:&quot;fadeInRight&quot;}\">\n\t\t\t<div class=\"elementor-widget-wrap elementor-element-populated\">\n\t\t\t\t\t\t<div class=\"elementor-element elementor-element-5db8071 elementor-widget elementor-widget-text-editor\" data-id=\"5db8071\" data-element_type=\"widget\" data-e-type=\"widget\" data-widget_type=\"text-editor.default\">\n\t\t\t\t<div class=\"elementor-widget-container\">\n\t\t\t\t\t\t\t\t\t<p><strong>Det svenska toppfotbollslaget Eskilstuna United<\/strong> \u00e4r ledande n\u00e4r det g\u00e4ller att marknadsf\u00f6ra sin sport och sina sponsorer. De \u00e4r ocks\u00e5 professionella inom sitt sociala ansvarstagande och ger mycket tillbaka till samh\u00e4llet genom sin projektplattform HJ\u00c4RTA UNITED. Vi p\u00e5 Bannerbow \u00e4r stolta \u00f6ver att ha v\u00e5ra produkter som en del av deras marknadsf\u00f6ringsmaterial.<\/p>\t\t\t\t\t\t\t\t<\/div>\n\t\t\t\t<\/div>\n\t\t\t\t\t<\/div>\n\t\t<\/div>\n\t\t\t\t\t<\/div>\n\t\t<\/section>\n\t\t\t\t<section class=\"elementor-section elementor-inner-section elementor-element elementor-element-f4a7d69 elementor-reverse-tablet elementor-reverse-mobile elementor-section-boxed elementor-section-height-default elementor-section-height-default\" data-id=\"f4a7d69\" data-element_type=\"section\" data-e-type=\"section\">\n\t\t\t\t\t\t<div class=\"elementor-container elementor-column-gap-default\">\n\t\t\t\t\t<div class=\"elementor-column elementor-col-50 elementor-inner-column elementor-element elementor-element-6ce3baf animated-slow elementor-invisible\" data-id=\"6ce3baf\" data-element_type=\"column\" data-e-type=\"column\" data-settings=\"{&quot;animation&quot;:&quot;fadeInLeft&quot;}\">\n\t\t\t<div class=\"elementor-widget-wrap elementor-element-populated\">\n\t\t\t\t\t\t<div class=\"elementor-element elementor-element-d8e5288 elementor-widget elementor-widget-text-editor\" data-id=\"d8e5288\" data-element_type=\"widget\" data-e-type=\"widget\" data-widget_type=\"text-editor.default\">\n\t\t\t\t<div class=\"elementor-widget-container\">\n\t\t\t\t\t\t\t\t\t<p><strong>AFC Eskilstuna<\/strong> skapar st\u00e4mning och en matchdagsmilj\u00f6 genom att anv\u00e4nda Bannerbows Hybrid Utomhus Eventb\u00e5gar b\u00e5de utanf\u00f6r och innanf\u00f6r arenan. Ett effektivt s\u00e4tt att marknadsf\u00f6ra sina sponsorer och v\u00e4lkomna publiken p\u00e5.<\/p>\t\t\t\t\t\t\t\t<\/div>\n\t\t\t\t<\/div>\n\t\t\t\t\t<\/div>\n\t\t<\/div>\n\t\t\t\t<div class=\"elementor-column elementor-col-50 elementor-inner-column elementor-element elementor-element-0740c16\" data-id=\"0740c16\" data-element_type=\"column\" data-e-type=\"column\">\n\t\t\t<div class=\"elementor-widget-wrap elementor-element-populated\">\n\t\t\t\t\t\t<div class=\"elementor-element elementor-element-b56d92d elementor-widget elementor-widget-image\" data-id=\"b56d92d\" data-element_type=\"widget\" data-e-type=\"widget\" data-widget_type=\"image.default\">\n\t\t\t\t<div class=\"elementor-widget-container\">\n\t\t\t\t\t\t\t\t\t\t\t\t\t\t\t<img decoding=\"async\" width=\"1500\" height=\"720\" src=\"https:\/\/bannerbow.com\/wp-content\/uploads\/2023\/02\/afc_arena-marketing_grande.jpg\" class=\"attachment-full size-full wp-image-1930\" alt=\"\" srcset=\"https:\/\/bannerbow.com\/wp-content\/uploads\/2023\/02\/afc_arena-marketing_grande.jpg 1500w, https:\/\/bannerbow.com\/wp-content\/uploads\/2023\/02\/afc_arena-marketing_grande-300x144.jpg 300w, https:\/\/bannerbow.com\/wp-content\/uploads\/2023\/02\/afc_arena-marketing_grande-1024x492.jpg 1024w, https:\/\/bannerbow.com\/wp-content\/uploads\/2023\/02\/afc_arena-marketing_grande-768x369.jpg 768w\" sizes=\"(max-width: 1500px) 100vw, 1500px\" \/>\t\t\t\t\t\t\t\t\t\t\t\t\t\t\t<\/div>\n\t\t\t\t<\/div>\n\t\t\t\t\t<\/div>\n\t\t<\/div>\n\t\t\t\t\t<\/div>\n\t\t<\/section>\n\t\t\t\t<section class=\"elementor-section elementor-inner-section elementor-element elementor-element-4ea00bb elementor-section-boxed elementor-section-height-default elementor-section-height-default\" data-id=\"4ea00bb\" data-element_type=\"section\" data-e-type=\"section\">\n\t\t\t\t\t\t<div class=\"elementor-container elementor-column-gap-default\">\n\t\t\t\t\t<div class=\"elementor-column elementor-col-50 elementor-inner-column elementor-element elementor-element-c964694\" data-id=\"c964694\" data-element_type=\"column\" data-e-type=\"column\">\n\t\t\t<div class=\"elementor-widget-wrap elementor-element-populated\">\n\t\t\t\t\t\t<div class=\"elementor-element elementor-element-bc15e07 elementor-widget elementor-widget-image\" data-id=\"bc15e07\" data-element_type=\"widget\" data-e-type=\"widget\" data-widget_type=\"image.default\">\n\t\t\t\t<div class=\"elementor-widget-container\">\n\t\t\t\t\t\t\t\t\t\t\t\t\t\t\t<img decoding=\"async\" width=\"1500\" height=\"720\" src=\"https:\/\/bannerbow.com\/wp-content\/uploads\/2023\/02\/sport_speedway_bannerbow_grande.jpg\" class=\"attachment-full size-full wp-image-1931\" alt=\"\" srcset=\"https:\/\/bannerbow.com\/wp-content\/uploads\/2023\/02\/sport_speedway_bannerbow_grande.jpg 1500w, https:\/\/bannerbow.com\/wp-content\/uploads\/2023\/02\/sport_speedway_bannerbow_grande-300x144.jpg 300w, https:\/\/bannerbow.com\/wp-content\/uploads\/2023\/02\/sport_speedway_bannerbow_grande-1024x492.jpg 1024w, https:\/\/bannerbow.com\/wp-content\/uploads\/2023\/02\/sport_speedway_bannerbow_grande-768x369.jpg 768w\" sizes=\"(max-width: 1500px) 100vw, 1500px\" \/>\t\t\t\t\t\t\t\t\t\t\t\t\t\t\t<\/div>\n\t\t\t\t<\/div>\n\t\t\t\t\t<\/div>\n\t\t<\/div>\n\t\t\t\t<div class=\"elementor-column elementor-col-50 elementor-inner-column elementor-element elementor-element-bb03f79 animated-slow elementor-invisible\" data-id=\"bb03f79\" data-element_type=\"column\" data-e-type=\"column\" data-settings=\"{&quot;animation&quot;:&quot;fadeInRight&quot;}\">\n\t\t\t<div class=\"elementor-widget-wrap elementor-element-populated\">\n\t\t\t\t\t\t<div class=\"elementor-element elementor-element-3da4bc7 elementor-widget elementor-widget-text-editor\" data-id=\"3da4bc7\" data-element_type=\"widget\" data-e-type=\"widget\" data-widget_type=\"text-editor.default\">\n\t\t\t\t<div class=\"elementor-widget-container\">\n\t\t\t\t\t\t\t\t\t<p><strong>Sponsringsevenemang<\/strong>\u00a0- Speedwayf\u00f6raren Magnus \"Zorro\" Zetterstr\u00f6m vet hur man skapar r\u00e4tt st\u00e4mning med hj\u00e4lp av Bannerbows eventb\u00e5ge.<\/p>\t\t\t\t\t\t\t\t<\/div>\n\t\t\t\t<\/div>\n\t\t\t\t\t<\/div>\n\t\t<\/div>\n\t\t\t\t\t<\/div>\n\t\t<\/section>\n\t\t\t\t\t<\/div>\n\t\t<\/div>\n\t\t\t\t\t<\/div>\n\t\t<\/section>\n\t\t\t\t<section class=\"elementor-section elementor-top-section elementor-element elementor-element-a42d135 elementor-hidden-desktop elementor-section-boxed elementor-section-height-default elementor-section-height-default\" data-id=\"a42d135\" data-element_type=\"section\" data-e-type=\"section\">\n\t\t\t\t\t\t<div class=\"elementor-container elementor-column-gap-default\">\n\t\t\t\t\t<div class=\"elementor-column elementor-col-100 elementor-top-column elementor-element elementor-element-0a30ac6\" data-id=\"0a30ac6\" data-element_type=\"column\" data-e-type=\"column\">\n\t\t\t<div class=\"elementor-widget-wrap elementor-element-populated\">\n\t\t\t\t\t\t<div class=\"elementor-element elementor-element-254aaf3 elementor-widget elementor-widget-video\" data-id=\"254aaf3\" data-element_type=\"widget\" data-e-type=\"widget\" data-settings=\"{&quot;video_type&quot;:&quot;vimeo&quot;,&quot;autoplay&quot;:&quot;yes&quot;,&quot;play_on_mobile&quot;:&quot;yes&quot;,&quot;loop&quot;:&quot;yes&quot;}\" data-widget_type=\"video.default\">\n\t\t\t\t<div class=\"elementor-widget-container\">\n\t\t\t\t\t\t\t<div class=\"elementor-wrapper elementor-open-inline\">\n\t\t\t<iframe class=\"elementor-video-iframe\" allowfullscreen allow=\"autoplay\" title=\"vimeo-videospelare\" src=\"https:\/\/player.vimeo.com\/video\/279464926?autoplay=1&amp;playsinline=1&amp;color&amp;autopause=0&amp;loop=1&amp;muted=0&amp;title=1&amp;portrait=1&amp;byline=1#t=\" data-no-translation-title=\"\"><\/iframe>\t\t<\/div>\n\t\t\t\t\t\t<\/div>\n\t\t\t\t<\/div>\n\t\t\t\t<div class=\"elementor-element elementor-element-1e34763 elementor-widget elementor-widget-heading\" data-id=\"1e34763\" data-element_type=\"widget\" data-e-type=\"widget\" data-widget_type=\"heading.default\">\n\t\t\t\t<div class=\"elementor-widget-container\">\n\t\t\t\t\t<h2 class=\"elementor-heading-title elementor-size-default\">BANNERBOW F\u00d6R SPORTEVENEMANG OCH SPONSRING<\/h2>\t\t\t\t<\/div>\n\t\t\t\t<\/div>\n\t\t\t\t<div class=\"elementor-element elementor-element-8ee8674 elementor-widget-divider--view-line elementor-widget elementor-widget-divider\" data-id=\"8ee8674\" data-element_type=\"widget\" data-e-type=\"widget\" data-widget_type=\"divider.default\">\n\t\t\t\t<div class=\"elementor-widget-container\">\n\t\t\t\t\t\t\t<div class=\"elementor-divider\">\n\t\t\t<span class=\"elementor-divider-separator\">\n\t\t\t\t\t\t<\/span>\n\t\t<\/div>\n\t\t\t\t\t\t<\/div>\n\t\t\t\t<\/div>\n\t\t\t\t<div class=\"elementor-element elementor-element-877517a elementor-widget elementor-widget-text-editor\" data-id=\"877517a\" data-element_type=\"widget\" data-e-type=\"widget\" data-widget_type=\"text-editor.default\">\n\t\t\t\t<div class=\"elementor-widget-container\">\n\t\t\t\t\t\t\t\t\t<p>Bannerbows eventb\u00e5gar skapar atmosf\u00e4r och drar till sig uppm\u00e4rksamhet p\u00e5 vilken plats som helst. Placera dem vid entr\u00e9n f\u00f6r att f\u00e5 bes\u00f6kare att k\u00e4nna sig som VIP-g\u00e4ster eller placera tv\u00e5 b\u00e5gar mitt p\u00e5 planen i ett kors s\u00e5 att matchsponsorer \u00e4r synliga fr\u00e5n alla vinklar. Skapa en spelartunnel av flera b\u00e5gar, s\u00e4tt fullt fokus p\u00e5 dina spelare och ge dem en imponerande entr\u00e9.<\/p><h4>Den betalar sig sj\u00e4lv och lite till.<\/h4><p>Eventb\u00e5garna kan generera int\u00e4kter f\u00f6r ditt f\u00f6retag. Bannerbows produkter ger dig ett nytt och effektivt s\u00e4tt att visa upp dina sponsorer. Genom att s\u00e4lja annonsutrymme p\u00e5 duken kan du inte bara t\u00e4cka kostnaden f\u00f6r eventb\u00e5gen, utan ocks\u00e5 skapa en ny k\u00e4lla till sponsorint\u00e4kter.<\/p>\t\t\t\t\t\t\t\t<\/div>\n\t\t\t\t<\/div>\n\t\t\t\t<div class=\"elementor-element elementor-element-20738ea elementor-widget elementor-widget-image\" data-id=\"20738ea\" data-element_type=\"widget\" data-e-type=\"widget\" data-widget_type=\"image.default\">\n\t\t\t\t<div class=\"elementor-widget-container\">\n\t\t\t\t\t\t\t\t\t\t\t\t\t\t\t<img fetchpriority=\"high\" decoding=\"async\" width=\"1500\" height=\"720\" src=\"https:\/\/bannerbow.com\/wp-content\/uploads\/2023\/02\/eskilstunaunited_hjarta_grande.jpg\" class=\"attachment-full size-full wp-image-1929\" alt=\"\" srcset=\"https:\/\/bannerbow.com\/wp-content\/uploads\/2023\/02\/eskilstunaunited_hjarta_grande.jpg 1500w, https:\/\/bannerbow.com\/wp-content\/uploads\/2023\/02\/eskilstunaunited_hjarta_grande-300x144.jpg 300w, https:\/\/bannerbow.com\/wp-content\/uploads\/2023\/02\/eskilstunaunited_hjarta_grande-1024x492.jpg 1024w, https:\/\/bannerbow.com\/wp-content\/uploads\/2023\/02\/eskilstunaunited_hjarta_grande-768x369.jpg 768w\" sizes=\"(max-width: 1500px) 100vw, 1500px\" \/>\t\t\t\t\t\t\t\t\t\t\t\t\t\t\t<\/div>\n\t\t\t\t<\/div>\n\t\t\t\t<div class=\"elementor-element elementor-element-e80b269 elementor-widget elementor-widget-text-editor\" data-id=\"e80b269\" data-element_type=\"widget\" data-e-type=\"widget\" data-settings=\"{&quot;_animation&quot;:&quot;none&quot;}\" data-widget_type=\"text-editor.default\">\n\t\t\t\t<div class=\"elementor-widget-container\">\n\t\t\t\t\t\t\t\t\t<p><strong>Det svenska toppfotbollslaget Eskilstuna United<\/strong> \u00e4r ledande n\u00e4r det g\u00e4ller att marknadsf\u00f6ra sin sport och sina sponsorer. De \u00e4r ocks\u00e5 professionella inom sitt sociala ansvarstagande och ger mycket tillbaka till samh\u00e4llet genom sin projektplattform HJ\u00c4RTA UNITED. Vi p\u00e5 Bannerbow \u00e4r stolta \u00f6ver att ha v\u00e5ra produkter som en del av deras marknadsf\u00f6ringsmaterial.<\/p>\t\t\t\t\t\t\t\t<\/div>\n\t\t\t\t<\/div>\n\t\t\t\t<div class=\"elementor-element elementor-element-14314ec elementor-widget elementor-widget-image\" data-id=\"14314ec\" data-element_type=\"widget\" data-e-type=\"widget\" data-widget_type=\"image.default\">\n\t\t\t\t<div class=\"elementor-widget-container\">\n\t\t\t\t\t\t\t\t\t\t\t\t\t\t\t<img decoding=\"async\" width=\"1500\" height=\"720\" src=\"https:\/\/bannerbow.com\/wp-content\/uploads\/2023\/02\/afc_arena-marketing_grande.jpg\" class=\"attachment-full size-full wp-image-1930\" alt=\"\" srcset=\"https:\/\/bannerbow.com\/wp-content\/uploads\/2023\/02\/afc_arena-marketing_grande.jpg 1500w, https:\/\/bannerbow.com\/wp-content\/uploads\/2023\/02\/afc_arena-marketing_grande-300x144.jpg 300w, https:\/\/bannerbow.com\/wp-content\/uploads\/2023\/02\/afc_arena-marketing_grande-1024x492.jpg 1024w, https:\/\/bannerbow.com\/wp-content\/uploads\/2023\/02\/afc_arena-marketing_grande-768x369.jpg 768w\" sizes=\"(max-width: 1500px) 100vw, 1500px\" \/>\t\t\t\t\t\t\t\t\t\t\t\t\t\t\t<\/div>\n\t\t\t\t<\/div>\n\t\t\t\t<div class=\"elementor-element elementor-element-c348ec3 elementor-widget elementor-widget-text-editor\" data-id=\"c348ec3\" data-element_type=\"widget\" data-e-type=\"widget\" data-settings=\"{&quot;_animation&quot;:&quot;none&quot;}\" data-widget_type=\"text-editor.default\">\n\t\t\t\t<div class=\"elementor-widget-container\">\n\t\t\t\t\t\t\t\t\t<p><strong>AFC Eskilstuna<\/strong> skapar st\u00e4mning och en matchdagsmilj\u00f6 genom att anv\u00e4nda Bannerbows Hybrid Utomhus Eventb\u00e5gar b\u00e5de utanf\u00f6r och innanf\u00f6r arenan. Ett effektivt s\u00e4tt att marknadsf\u00f6ra sina sponsorer och v\u00e4lkomna publiken p\u00e5.<\/p>\t\t\t\t\t\t\t\t<\/div>\n\t\t\t\t<\/div>\n\t\t\t\t<div class=\"elementor-element elementor-element-517338b elementor-widget elementor-widget-image\" data-id=\"517338b\" data-element_type=\"widget\" data-e-type=\"widget\" data-widget_type=\"image.default\">\n\t\t\t\t<div class=\"elementor-widget-container\">\n\t\t\t\t\t\t\t\t\t\t\t\t\t\t\t<img decoding=\"async\" width=\"1500\" height=\"720\" src=\"https:\/\/bannerbow.com\/wp-content\/uploads\/2023\/02\/sport_speedway_bannerbow_grande.jpg\" class=\"attachment-full size-full wp-image-1931\" alt=\"\" srcset=\"https:\/\/bannerbow.com\/wp-content\/uploads\/2023\/02\/sport_speedway_bannerbow_grande.jpg 1500w, https:\/\/bannerbow.com\/wp-content\/uploads\/2023\/02\/sport_speedway_bannerbow_grande-300x144.jpg 300w, https:\/\/bannerbow.com\/wp-content\/uploads\/2023\/02\/sport_speedway_bannerbow_grande-1024x492.jpg 1024w, https:\/\/bannerbow.com\/wp-content\/uploads\/2023\/02\/sport_speedway_bannerbow_grande-768x369.jpg 768w\" sizes=\"(max-width: 1500px) 100vw, 1500px\" \/>\t\t\t\t\t\t\t\t\t\t\t\t\t\t\t<\/div>\n\t\t\t\t<\/div>\n\t\t\t\t<div class=\"elementor-element elementor-element-1038b8f elementor-widget elementor-widget-text-editor\" data-id=\"1038b8f\" data-element_type=\"widget\" data-e-type=\"widget\" data-settings=\"{&quot;_animation&quot;:&quot;none&quot;}\" data-widget_type=\"text-editor.default\">\n\t\t\t\t<div class=\"elementor-widget-container\">\n\t\t\t\t\t\t\t\t\t<p><strong>Sponsringsevenemang<\/strong> - Speedwayf\u00f6raren Magnus \"Zorro\" Zetterstr\u00f6m vet hur man skapar r\u00e4tt st\u00e4mning med hj\u00e4lp av Bannerbows eventb\u00e5ge.<\/p>\t\t\t\t\t\t\t\t<\/div>\n\t\t\t\t<\/div>\n\t\t\t\t\t<\/div>\n\t\t<\/div>\n\t\t\t\t\t<\/div>\n\t\t<\/section>\n\t\t\t\t<\/div>","protected":false},"excerpt":{"rendered":"<p>Sport BANNERBOW FOR SPORT EVENTS AND SPONSORSHIP Bannerbow event arches create atmosphere and are eye-catching at any venue. Place them by the entrance to make visitors feel like VIPs, or place two arches midfield in a cross so that the match sponsors are visible to spectators from every angle. Create a players\u2019 tunnel out of [&hellip;]<\/p>\n","protected":false},"author":1,"featured_media":0,"parent":0,"menu_order":0,"comment_status":"closed","ping_status":"closed","template":"","meta":{"footnotes":""},"class_list":["post-1927","page","type-page","status-publish","hentry"],"_links":{"self":[{"href":"https:\/\/bannerbow.com\/sv\/wp-json\/wp\/v2\/pages\/1927","targetHints":{"allow":["GET"]}}],"collection":[{"href":"https:\/\/bannerbow.com\/sv\/wp-json\/wp\/v2\/pages"}],"about":[{"href":"https:\/\/bannerbow.com\/sv\/wp-json\/wp\/v2\/types\/page"}],"author":[{"embeddable":true,"href":"https:\/\/bannerbow.com\/sv\/wp-json\/wp\/v2\/users\/1"}],"replies":[{"embeddable":true,"href":"https:\/\/bannerbow.com\/sv\/wp-json\/wp\/v2\/comments?post=1927"}],"version-history":[{"count":37,"href":"https:\/\/bannerbow.com\/sv\/wp-json\/wp\/v2\/pages\/1927\/revisions"}],"predecessor-version":[{"id":4567,"href":"https:\/\/bannerbow.com\/sv\/wp-json\/wp\/v2\/pages\/1927\/revisions\/4567"}],"wp:attachment":[{"href":"https:\/\/bannerbow.com\/sv\/wp-json\/wp\/v2\/media?parent=1927"}],"curies":[{"name":"wp","href":"https:\/\/api.w.org\/{rel}","templated":true}]}}