{"id":1957,"date":"2023-02-23T13:05:17","date_gmt":"2023-02-23T13:05:17","guid":{"rendered":"https:\/\/hemsida.bannerbow.com\/?page_id=1957"},"modified":"2023-02-27T06:33:00","modified_gmt":"2023-02-27T06:33:00","slug":"utstallning","status":"publish","type":"page","link":"https:\/\/bannerbow.com\/sv\/utstallning\/","title":{"rendered":"M\u00e4ssor"},"content":{"rendered":"<div data-elementor-type=\"wp-page\" data-elementor-id=\"1957\" class=\"elementor elementor-1957\" data-elementor-post-type=\"page\">\n\t\t\t\t\t\t<section class=\"elementor-section elementor-top-section elementor-element elementor-element-82ae816 elementor-section-height-min-height elementor-section-boxed elementor-section-height-default elementor-section-items-middle\" data-id=\"82ae816\" data-element_type=\"section\" data-e-type=\"section\" data-settings=\"{&quot;background_background&quot;:&quot;classic&quot;}\">\n\t\t\t\t\t\t<div class=\"elementor-container elementor-column-gap-default\">\n\t\t\t\t\t<div class=\"elementor-column elementor-col-100 elementor-top-column elementor-element elementor-element-9babd84\" data-id=\"9babd84\" data-element_type=\"column\" data-e-type=\"column\">\n\t\t\t<div class=\"elementor-widget-wrap elementor-element-populated\">\n\t\t\t\t\t\t<section class=\"elementor-section elementor-inner-section elementor-element elementor-element-fed917c elementor-reverse-mobile elementor-section-boxed elementor-section-height-default elementor-section-height-default\" data-id=\"fed917c\" data-element_type=\"section\" data-e-type=\"section\">\n\t\t\t\t\t\t<div class=\"elementor-container elementor-column-gap-default\">\n\t\t\t\t\t<div class=\"elementor-column elementor-col-100 elementor-inner-column elementor-element elementor-element-2879809\" data-id=\"2879809\" data-element_type=\"column\" data-e-type=\"column\">\n\t\t\t<div class=\"elementor-widget-wrap elementor-element-populated\">\n\t\t\t\t\t\t<div class=\"elementor-element elementor-element-c9a7703 elementor-widget elementor-widget-heading\" data-id=\"c9a7703\" data-element_type=\"widget\" data-e-type=\"widget\" data-widget_type=\"heading.default\">\n\t\t\t\t<div class=\"elementor-widget-container\">\n\t\t\t\t\t<h1 class=\"elementor-heading-title elementor-size-default\">M\u00e4ssor<\/h1>\t\t\t\t<\/div>\n\t\t\t\t<\/div>\n\t\t\t\t\t<\/div>\n\t\t<\/div>\n\t\t\t\t\t<\/div>\n\t\t<\/section>\n\t\t\t\t\t<\/div>\n\t\t<\/div>\n\t\t\t\t\t<\/div>\n\t\t<\/section>\n\t\t\t\t<section class=\"elementor-section elementor-top-section elementor-element elementor-element-1bef05bc elementor-section-boxed elementor-section-height-default elementor-section-height-default\" data-id=\"1bef05bc\" data-element_type=\"section\" data-e-type=\"section\">\n\t\t\t\t\t\t<div class=\"elementor-container elementor-column-gap-default\">\n\t\t\t\t\t<div class=\"elementor-column elementor-col-50 elementor-top-column elementor-element elementor-element-5a24e68a\" data-id=\"5a24e68a\" data-element_type=\"column\" data-e-type=\"column\">\n\t\t\t<div class=\"elementor-widget-wrap elementor-element-populated\">\n\t\t\t\t\t\t<div class=\"elementor-element elementor-element-48b72c7d elementor-widget elementor-widget-heading\" data-id=\"48b72c7d\" data-element_type=\"widget\" data-e-type=\"widget\" data-widget_type=\"heading.default\">\n\t\t\t\t<div class=\"elementor-widget-container\">\n\t\t\t\t\t<h2 class=\"elementor-heading-title elementor-size-default\">Bannerbow - N\u00e4r du vill synas<\/h2>\t\t\t\t<\/div>\n\t\t\t\t<\/div>\n\t\t\t\t<div class=\"elementor-element elementor-element-44aa99ac elementor-widget-divider--view-line elementor-invisible elementor-widget elementor-widget-divider\" data-id=\"44aa99ac\" data-element_type=\"widget\" data-e-type=\"widget\" data-settings=\"{&quot;_animation&quot;:&quot;slideInRight&quot;,&quot;_animation_delay&quot;:450,&quot;_animation_mobile&quot;:&quot;none&quot;}\" data-widget_type=\"divider.default\">\n\t\t\t\t<div class=\"elementor-widget-container\">\n\t\t\t\t\t\t\t<div class=\"elementor-divider\">\n\t\t\t<span class=\"elementor-divider-separator\">\n\t\t\t\t\t\t<\/span>\n\t\t<\/div>\n\t\t\t\t\t\t<\/div>\n\t\t\t\t<\/div>\n\t\t\t\t<div class=\"elementor-element elementor-element-6631860c animated-slow elementor-invisible elementor-widget elementor-widget-text-editor\" data-id=\"6631860c\" data-element_type=\"widget\" data-e-type=\"widget\" data-settings=\"{&quot;_animation&quot;:&quot;slideInRight&quot;,&quot;_animation_delay&quot;:650,&quot;_animation_mobile&quot;:&quot;none&quot;}\" data-widget_type=\"text-editor.default\">\n\t\t\t\t<div class=\"elementor-widget-container\">\n\t\t\t\t\t\t\t\t\t<p>Oavsett om du deltar p\u00e5 en m\u00e4ssa eller ett evenemang kan Bannerbows produkter ge den lilla extra touchen du s\u00f6ker. Eventb\u00e5garna \u00e4r flexibla och kan enkelt flyttas fr\u00e5n en entr\u00e9 till en utst\u00e4llningsmonter. Ett produkt som erbjuder m\u00e5nga m\u00f6jligheter.<\/p>\t\t\t\t\t\t\t\t<\/div>\n\t\t\t\t<\/div>\n\t\t\t\t\t<\/div>\n\t\t<\/div>\n\t\t\t\t<div class=\"elementor-column elementor-col-50 elementor-top-column elementor-element elementor-element-fee6ed5\" data-id=\"fee6ed5\" data-element_type=\"column\" data-e-type=\"column\">\n\t\t\t<div class=\"elementor-widget-wrap elementor-element-populated\">\n\t\t\t\t\t\t<div class=\"elementor-element elementor-element-6db7ed8 elementor-widget elementor-widget-image\" data-id=\"6db7ed8\" data-element_type=\"widget\" data-e-type=\"widget\" data-widget_type=\"image.default\">\n\t\t\t\t<div class=\"elementor-widget-container\">\n\t\t\t\t\t\t\t\t\t\t\t\t\t\t\t<img fetchpriority=\"high\" decoding=\"async\" width=\"1500\" height=\"720\" src=\"https:\/\/bannerbow.com\/wp-content\/uploads\/2023\/02\/bannerbow_massa_massmonter_grande.jpg\" class=\"attachment-full size-full wp-image-1959\" alt=\"\" srcset=\"https:\/\/bannerbow.com\/wp-content\/uploads\/2023\/02\/bannerbow_massa_massmonter_grande.jpg 1500w, https:\/\/bannerbow.com\/wp-content\/uploads\/2023\/02\/bannerbow_massa_massmonter_grande-300x144.jpg 300w, https:\/\/bannerbow.com\/wp-content\/uploads\/2023\/02\/bannerbow_massa_massmonter_grande-1024x492.jpg 1024w, https:\/\/bannerbow.com\/wp-content\/uploads\/2023\/02\/bannerbow_massa_massmonter_grande-768x369.jpg 768w\" sizes=\"(max-width: 1500px) 100vw, 1500px\" \/>\t\t\t\t\t\t\t\t\t\t\t\t\t\t\t<\/div>\n\t\t\t\t<\/div>\n\t\t\t\t\t<\/div>\n\t\t<\/div>\n\t\t\t\t\t<\/div>\n\t\t<\/section>\n\t\t\t\t<section class=\"elementor-section elementor-top-section elementor-element elementor-element-1864335 elementor-section-boxed elementor-section-height-default elementor-section-height-default\" data-id=\"1864335\" data-element_type=\"section\" data-e-type=\"section\">\n\t\t\t\t\t\t<div class=\"elementor-container elementor-column-gap-default\">\n\t\t\t\t\t<div class=\"elementor-column elementor-col-100 elementor-top-column elementor-element elementor-element-8842523\" data-id=\"8842523\" data-element_type=\"column\" data-e-type=\"column\">\n\t\t\t<div class=\"elementor-widget-wrap elementor-element-populated\">\n\t\t\t\t\t\t<div class=\"elementor-element elementor-element-63a531e elementor-widget elementor-widget-heading\" data-id=\"63a531e\" data-element_type=\"widget\" data-e-type=\"widget\" data-widget_type=\"heading.default\">\n\t\t\t\t<div class=\"elementor-widget-container\">\n\t\t\t\t\t<h3 class=\"elementor-heading-title elementor-size-default\">BACKDROP + EVENTB\u00c5GE = KOMPLETT MONTER<\/h3>\t\t\t\t<\/div>\n\t\t\t\t<\/div>\n\t\t\t\t\t<\/div>\n\t\t<\/div>\n\t\t\t\t\t<\/div>\n\t\t<\/section>\n\t\t\t\t<section class=\"elementor-section elementor-top-section elementor-element elementor-element-51d4a60 elementor-section-boxed elementor-section-height-default elementor-section-height-default\" data-id=\"51d4a60\" data-element_type=\"section\" data-e-type=\"section\">\n\t\t\t\t\t\t<div class=\"elementor-container elementor-column-gap-default\">\n\t\t\t\t\t<div class=\"elementor-column elementor-col-100 elementor-top-column elementor-element elementor-element-b8e9d92\" data-id=\"b8e9d92\" data-element_type=\"column\" data-e-type=\"column\">\n\t\t\t<div class=\"elementor-widget-wrap elementor-element-populated\">\n\t\t\t\t\t\t<div class=\"elementor-element elementor-element-3bb3ba6 animated-slow elementor-invisible elementor-widget elementor-widget-text-editor\" data-id=\"3bb3ba6\" data-element_type=\"widget\" data-e-type=\"widget\" data-settings=\"{&quot;_animation&quot;:&quot;slideInRight&quot;,&quot;_animation_delay&quot;:650,&quot;_animation_mobile&quot;:&quot;none&quot;}\" data-widget_type=\"text-editor.default\">\n\t\t\t\t<div class=\"elementor-widget-container\">\n\t\t\t\t\t\t\t\t\t<p>Med en smart upps\u00e4ttning som inneh\u00e5ller backdrop och eventb\u00e5ge f\u00e5r du en perfekt grund f\u00f6r att skapa ditt utst\u00e4llningsomr\u00e5de p\u00e5 m\u00e4ssan. Vi ger dig en b\u00e4rbar l\u00f6sning som kommer i en flexibel rullbar v\u00e4ska. Det \u00e4r ett h\u00e5llbart val som \u00e4r gjort f\u00f6r att h\u00e5lla \u00f6ver tid. L\u00e4gg till dina befintliga marknadsf\u00f6ringsmaterial s\u00e5som roll-ups, pop-up-bord eller liknande och du f\u00e5r en kostnadseffektiv och flexibel l\u00f6sning.<\/p>\t\t\t\t\t\t\t\t<\/div>\n\t\t\t\t<\/div>\n\t\t\t\t\t<\/div>\n\t\t<\/div>\n\t\t\t\t\t<\/div>\n\t\t<\/section>\n\t\t\t\t<section class=\"elementor-section elementor-top-section elementor-element elementor-element-181bf3f elementor-section-boxed elementor-section-height-default elementor-section-height-default\" data-id=\"181bf3f\" data-element_type=\"section\" data-e-type=\"section\">\n\t\t\t\t\t\t<div class=\"elementor-container elementor-column-gap-default\">\n\t\t\t\t\t<div class=\"elementor-column elementor-col-100 elementor-top-column elementor-element elementor-element-9bddbc7\" data-id=\"9bddbc7\" data-element_type=\"column\" data-e-type=\"column\">\n\t\t\t<div class=\"elementor-widget-wrap elementor-element-populated\">\n\t\t\t\t\t\t<div class=\"elementor-element elementor-element-7fe04c2 elementor-widget elementor-widget-image\" data-id=\"7fe04c2\" data-element_type=\"widget\" data-e-type=\"widget\" data-widget_type=\"image.default\">\n\t\t\t\t<div class=\"elementor-widget-container\">\n\t\t\t\t\t\t\t\t\t\t\t\t\t\t\t<img decoding=\"async\" width=\"1500\" height=\"720\" src=\"https:\/\/bannerbow.com\/wp-content\/uploads\/2023\/02\/mmassmonter-med-eventbage_grande-1.jpg\" class=\"attachment-full size-full wp-image-1960\" alt=\"\" srcset=\"https:\/\/bannerbow.com\/wp-content\/uploads\/2023\/02\/mmassmonter-med-eventbage_grande-1.jpg 1500w, https:\/\/bannerbow.com\/wp-content\/uploads\/2023\/02\/mmassmonter-med-eventbage_grande-1-300x144.jpg 300w, https:\/\/bannerbow.com\/wp-content\/uploads\/2023\/02\/mmassmonter-med-eventbage_grande-1-1024x492.jpg 1024w, https:\/\/bannerbow.com\/wp-content\/uploads\/2023\/02\/mmassmonter-med-eventbage_grande-1-768x369.jpg 768w\" sizes=\"(max-width: 1500px) 100vw, 1500px\" \/>\t\t\t\t\t\t\t\t\t\t\t\t\t\t\t<\/div>\n\t\t\t\t<\/div>\n\t\t\t\t\t<\/div>\n\t\t<\/div>\n\t\t\t\t\t<\/div>\n\t\t<\/section>\n\t\t\t\t<\/div>","protected":false},"excerpt":{"rendered":"<p>Exhibition Bannerbow &#8211; For When You Want To Be Seen Whether you are participating in a roadshow or an event, Bannerbow products can inject that little bit of extra flair you are looking for. The event arches are flexible and can easily be moved from an entrance to an exhibition stand. One product which offers [&hellip;]<\/p>\n","protected":false},"author":1,"featured_media":0,"parent":0,"menu_order":0,"comment_status":"closed","ping_status":"closed","template":"","meta":{"footnotes":""},"class_list":["post-1957","page","type-page","status-publish","hentry"],"_links":{"self":[{"href":"https:\/\/bannerbow.com\/sv\/wp-json\/wp\/v2\/pages\/1957","targetHints":{"allow":["GET"]}}],"collection":[{"href":"https:\/\/bannerbow.com\/sv\/wp-json\/wp\/v2\/pages"}],"about":[{"href":"https:\/\/bannerbow.com\/sv\/wp-json\/wp\/v2\/types\/page"}],"author":[{"embeddable":true,"href":"https:\/\/bannerbow.com\/sv\/wp-json\/wp\/v2\/users\/1"}],"replies":[{"embeddable":true,"href":"https:\/\/bannerbow.com\/sv\/wp-json\/wp\/v2\/comments?post=1957"}],"version-history":[{"count":16,"href":"https:\/\/bannerbow.com\/sv\/wp-json\/wp\/v2\/pages\/1957\/revisions"}],"predecessor-version":[{"id":2452,"href":"https:\/\/bannerbow.com\/sv\/wp-json\/wp\/v2\/pages\/1957\/revisions\/2452"}],"wp:attachment":[{"href":"https:\/\/bannerbow.com\/sv\/wp-json\/wp\/v2\/media?parent=1957"}],"curies":[{"name":"wp","href":"https:\/\/api.w.org\/{rel}","templated":true}]}}