{"id":7982,"date":"2025-05-27T14:07:29","date_gmt":"2025-05-27T14:07:29","guid":{"rendered":"https:\/\/bannerbow.com\/?page_id=7982"},"modified":"2026-03-19T16:16:26","modified_gmt":"2026-03-19T16:16:26","slug":"hallbarhet","status":"publish","type":"page","link":"https:\/\/bannerbow.com\/sv\/hallbarhet\/","title":{"rendered":"H\u00e5llbarhet"},"content":{"rendered":"<div data-elementor-type=\"wp-page\" data-elementor-id=\"7982\" class=\"elementor elementor-7982\" data-elementor-post-type=\"page\">\n\t\t\t\t\t\t<section class=\"elementor-section elementor-top-section elementor-element elementor-element-31d4dbc elementor-section-boxed elementor-section-height-default elementor-section-height-default\" data-id=\"31d4dbc\" data-element_type=\"section\" data-e-type=\"section\">\n\t\t\t\t\t\t<div class=\"elementor-container elementor-column-gap-default\">\n\t\t\t\t\t<div class=\"elementor-column elementor-col-100 elementor-top-column elementor-element elementor-element-2ed0759\" data-id=\"2ed0759\" data-element_type=\"column\" data-e-type=\"column\">\n\t\t\t<div class=\"elementor-widget-wrap elementor-element-populated\">\n\t\t\t\t\t\t<div class=\"elementor-element elementor-element-6cab4ce elementor-widget elementor-widget-heading\" data-id=\"6cab4ce\" data-element_type=\"widget\" data-e-type=\"widget\" data-widget_type=\"heading.default\">\n\t\t\t\t<div class=\"elementor-widget-container\">\n\t\t\t\t\t<h2 class=\"elementor-heading-title elementor-size-default\">H\u00e5llbarhet b\u00f6rjar h\u00e4r!<\/h2>\t\t\t\t<\/div>\n\t\t\t\t<\/div>\n\t\t\t\t\t<\/div>\n\t\t<\/div>\n\t\t\t\t\t<\/div>\n\t\t<\/section>\n\t\t\t\t<section class=\"elementor-section elementor-top-section elementor-element elementor-element-219a02bd elementor-section-height-full elementor-section-content-top elementor-section-boxed elementor-section-height-default elementor-section-items-middle\" data-id=\"219a02bd\" data-element_type=\"section\" data-e-type=\"section\" data-settings=\"{&quot;background_background&quot;:&quot;classic&quot;}\">\n\t\t\t\t\t\t\t<div class=\"elementor-background-overlay\"><\/div>\n\t\t\t\t\t\t\t<div class=\"elementor-container elementor-column-gap-default\">\n\t\t\t\t\t<div class=\"elementor-column elementor-col-100 elementor-top-column elementor-element elementor-element-95381b2\" data-id=\"95381b2\" data-element_type=\"column\" data-e-type=\"column\">\n\t\t\t<div class=\"elementor-widget-wrap\">\n\t\t\t\t\t\t\t<\/div>\n\t\t<\/div>\n\t\t\t\t\t<\/div>\n\t\t<\/section>\n\t\t\t\t<section class=\"elementor-section elementor-top-section elementor-element elementor-element-42320b78 elementor-section-content-top elementor-section-boxed elementor-section-height-default elementor-section-height-default\" data-id=\"42320b78\" data-element_type=\"section\" data-e-type=\"section\">\n\t\t\t\t\t\t<div class=\"elementor-container elementor-column-gap-extended\">\n\t\t\t\t\t<div class=\"elementor-column elementor-col-50 elementor-top-column elementor-element elementor-element-2aaa3c14\" data-id=\"2aaa3c14\" data-element_type=\"column\" data-e-type=\"column\">\n\t\t\t<div class=\"elementor-widget-wrap elementor-element-populated\">\n\t\t\t\t\t\t<div class=\"elementor-element elementor-element-34d05afd elementor-widget elementor-widget-heading\" data-id=\"34d05afd\" data-element_type=\"widget\" data-e-type=\"widget\" data-widget_type=\"heading.default\">\n\t\t\t\t<div class=\"elementor-widget-container\">\n\t\t\t\t\t<h3 class=\"elementor-heading-title elementor-size-default\">Ett smartare s\u00e4tt att visa upp sig - p\u00e5 ett h\u00e5llbart s\u00e4tt\n<\/h3>\t\t\t\t<\/div>\n\t\t\t\t<\/div>\n\t\t\t\t<div class=\"elementor-element elementor-element-4c44c88d elementor-widget__width-initial elementor-widget elementor-widget-text-editor\" data-id=\"4c44c88d\" data-element_type=\"widget\" data-e-type=\"widget\" data-settings=\"{&quot;_animation&quot;:&quot;none&quot;}\" data-widget_type=\"text-editor.default\">\n\t\t\t\t<div class=\"elementor-widget-container\">\n\t\t\t\t\t\t\t\t\t<p>Vid <strong>BANNERBOW<\/strong>, Vi anser att en stark varum\u00e4rkessynlighet aldrig f\u00e5r ske p\u00e5 bekostnad av planeten.<br data-start=\"918\" data-end=\"921\" \/>V\u00e5ra modul\u00e4ra eventsystem \u00e4r utformade med <strong>H\u00e5llbarhet<\/strong> byggda f\u00f6r att kunna \u00e5teranv\u00e4ndas, byggas om och f\u00f6rnyas f\u00f6r varje kampanj eller s\u00e4song.<br data-start=\"1067\" data-end=\"1070\" \/>Oavsett om du befinner dig inomhus eller utomhus, p\u00e5 v\u00e5ren eller vintern, kan du lita p\u00e5 att samma installation uppfyller dina behov - minskar avfallet och maximerar det l\u00e5ngsiktiga v\u00e4rdet.<\/p>\t\t\t\t\t\t\t\t<\/div>\n\t\t\t\t<\/div>\n\t\t\t\t<div class=\"elementor-element elementor-element-7e8be8f elementor-widget-divider--view-line elementor-widget elementor-widget-divider\" data-id=\"7e8be8f\" data-element_type=\"widget\" data-e-type=\"widget\" data-widget_type=\"divider.default\">\n\t\t\t\t<div class=\"elementor-widget-container\">\n\t\t\t\t\t\t\t<div class=\"elementor-divider\">\n\t\t\t<span class=\"elementor-divider-separator\">\n\t\t\t\t\t\t<\/span>\n\t\t<\/div>\n\t\t\t\t\t\t<\/div>\n\t\t\t\t<\/div>\n\t\t\t\t<div class=\"elementor-element elementor-element-9d9dc2e elementor-widget elementor-widget-heading\" data-id=\"9d9dc2e\" data-element_type=\"widget\" data-e-type=\"widget\" data-widget_type=\"heading.default\">\n\t\t\t\t<div class=\"elementor-widget-container\">\n\t\t\t\t\t<h3 class=\"elementor-heading-title elementor-size-default\">Varf\u00f6r v\u00e5ra produkter \u00e4r ett h\u00e5llbart val<\/h3>\t\t\t\t<\/div>\n\t\t\t\t<\/div>\n\t\t\t\t<div class=\"elementor-element elementor-element-63d26356 elementor-widget elementor-widget-text-editor\" data-id=\"63d26356\" data-element_type=\"widget\" data-e-type=\"widget\" data-widget_type=\"text-editor.default\">\n\t\t\t\t<div class=\"elementor-widget-container\">\n\t\t\t\t\t\t\t\t\t<ul><li data-section-id=\"1hy8pll\" data-start=\"1274\" data-end=\"1327\"><p data-start=\"1276\" data-end=\"1327\">Konstruerad f\u00f6r l\u00e5ngvarig anv\u00e4ndning med slitstarka material<\/p><\/li><li data-section-id=\"1u5wlnf\" data-start=\"1328\" data-end=\"1388\"><p data-start=\"1330\" data-end=\"1388\">Uppgraderingsbara moduler - inget behov av att byta ut hela systemet<\/p><\/li><li data-section-id=\"qft5t\" data-start=\"1389\" data-end=\"1435\"><p data-start=\"1391\" data-end=\"1435\">\u00c5teranv\u00e4ndbar f\u00f6r flera evenemang och kampanjer<\/p><\/li><li data-section-id=\"7tv49q\" data-start=\"1436\" data-end=\"1496\"><p data-start=\"1438\" data-end=\"1496\">F\u00e4rre transporter, mindre f\u00f6rpackningar, l\u00e4gre koldioxidavtryck<\/p><\/li><li data-section-id=\"1ehzs5h\" data-start=\"1497\" data-end=\"1547\"><p data-start=\"1499\" data-end=\"1547\">Flexibel anv\u00e4ndning: ett system, o\u00e4ndliga kombinationer<\/p><\/li><li data-section-id=\"1p7gag3\" data-start=\"1548\" data-end=\"1607\"><p data-start=\"1550\" data-end=\"1607\">En smart, cirkul\u00e4r l\u00f6sning f\u00f6r klimatmedvetna varum\u00e4rken<\/p><\/li><\/ul>\t\t\t\t\t\t\t\t<\/div>\n\t\t\t\t<\/div>\n\t\t\t\t\t<\/div>\n\t\t<\/div>\n\t\t\t\t<div class=\"elementor-column elementor-col-50 elementor-top-column elementor-element elementor-element-fbc2b9a\" data-id=\"fbc2b9a\" data-element_type=\"column\" data-e-type=\"column\">\n\t\t\t<div class=\"elementor-widget-wrap elementor-element-populated\">\n\t\t\t\t\t\t<section class=\"elementor-section elementor-inner-section elementor-element elementor-element-9732bdb elementor-section-boxed elementor-section-height-default elementor-section-height-default\" data-id=\"9732bdb\" data-element_type=\"section\" data-e-type=\"section\">\n\t\t\t\t\t\t<div class=\"elementor-container elementor-column-gap-default\">\n\t\t\t\t\t<div class=\"elementor-column elementor-col-100 elementor-inner-column elementor-element elementor-element-254fec2\" data-id=\"254fec2\" data-element_type=\"column\" data-e-type=\"column\">\n\t\t\t<div class=\"elementor-widget-wrap elementor-element-populated\">\n\t\t\t\t\t\t<div class=\"elementor-element elementor-element-3cebddb elementor-widget elementor-widget-image\" data-id=\"3cebddb\" data-element_type=\"widget\" data-e-type=\"widget\" data-widget_type=\"image.default\">\n\t\t\t\t<div class=\"elementor-widget-container\">\n\t\t\t\t\t\t\t\t\t\t\t\t\t\t\t<img fetchpriority=\"high\" decoding=\"async\" width=\"300\" height=\"300\" src=\"https:\/\/bannerbow.com\/wp-content\/uploads\/2023\/02\/Sustainability-Bannerbow-Logo-300x300.png\" class=\"attachment-medium size-medium wp-image-9602\" alt=\"\" srcset=\"https:\/\/bannerbow.com\/wp-content\/uploads\/2023\/02\/Sustainability-Bannerbow-Logo-300x300.png 300w, https:\/\/bannerbow.com\/wp-content\/uploads\/2023\/02\/Sustainability-Bannerbow-Logo-150x150.png 150w, https:\/\/bannerbow.com\/wp-content\/uploads\/2023\/02\/Sustainability-Bannerbow-Logo-12x12.png 12w, https:\/\/bannerbow.com\/wp-content\/uploads\/2023\/02\/Sustainability-Bannerbow-Logo.png 512w\" sizes=\"(max-width: 300px) 100vw, 300px\" \/>\t\t\t\t\t\t\t\t\t\t\t\t\t\t\t<\/div>\n\t\t\t\t<\/div>\n\t\t\t\t<div class=\"elementor-element elementor-element-b3318d2 elementor-widget elementor-widget-text-editor\" data-id=\"b3318d2\" data-element_type=\"widget\" data-e-type=\"widget\" data-widget_type=\"text-editor.default\">\n\t\t\t\t<div class=\"elementor-widget-container\">\n\t\t\t\t\t\t\t\t\t<h5>Mer \u00e4n bara ett pris<\/h5><h5>- det \u00e4r en klimatsmart investering<\/h5>\t\t\t\t\t\t\t\t<\/div>\n\t\t\t\t<\/div>\n\t\t\t\t\t<\/div>\n\t\t<\/div>\n\t\t\t\t\t<\/div>\n\t\t<\/section>\n\t\t\t\t\t<\/div>\n\t\t<\/div>\n\t\t\t\t\t<\/div>\n\t\t<\/section>\n\t\t\t\t<section class=\"elementor-section elementor-top-section elementor-element elementor-element-64ba0df elementor-section-boxed elementor-section-height-default elementor-section-height-default\" data-id=\"64ba0df\" data-element_type=\"section\" data-e-type=\"section\">\n\t\t\t\t\t\t<div class=\"elementor-container elementor-column-gap-default\">\n\t\t\t\t\t<div class=\"elementor-column elementor-col-100 elementor-top-column elementor-element elementor-element-0f0761b\" data-id=\"0f0761b\" data-element_type=\"column\" data-e-type=\"column\">\n\t\t\t<div class=\"elementor-widget-wrap elementor-element-populated\">\n\t\t\t\t\t\t<section class=\"elementor-section elementor-inner-section elementor-element elementor-element-5bd8731 elementor-section-boxed elementor-section-height-default elementor-section-height-default\" data-id=\"5bd8731\" data-element_type=\"section\" data-e-type=\"section\">\n\t\t\t\t\t\t<div class=\"elementor-container elementor-column-gap-default\">\n\t\t\t\t\t<div class=\"elementor-column elementor-col-50 elementor-inner-column elementor-element elementor-element-2603066\" data-id=\"2603066\" data-element_type=\"column\" data-e-type=\"column\">\n\t\t\t<div class=\"elementor-widget-wrap\">\n\t\t\t\t\t\t\t<\/div>\n\t\t<\/div>\n\t\t\t\t<div class=\"elementor-column elementor-col-50 elementor-inner-column elementor-element elementor-element-cdd1607\" data-id=\"cdd1607\" data-element_type=\"column\" data-e-type=\"column\">\n\t\t\t<div class=\"elementor-widget-wrap\">\n\t\t\t\t\t\t\t<\/div>\n\t\t<\/div>\n\t\t\t\t\t<\/div>\n\t\t<\/section>\n\t\t\t\t\t<\/div>\n\t\t<\/div>\n\t\t\t\t\t<\/div>\n\t\t<\/section>\n\t\t\t\t<\/div>","protected":false},"excerpt":{"rendered":"<p>Sustainability starts here! A Smarter Way to Show Up \u2013 Sustainably At Bannerbow, we believe that strong brand visibility should never come at the planet\u2019s expense.Our modular event systems are designed with sustainability at their core \u2013 built to be reused, rebuilt, and reimagined for any campaign or season.Whether you\u2019re indoors or outdoors, in spring [&hellip;]<\/p>\n","protected":false},"author":3,"featured_media":0,"parent":0,"menu_order":0,"comment_status":"closed","ping_status":"closed","template":"","meta":{"footnotes":""},"class_list":["post-7982","page","type-page","status-publish","hentry"],"_links":{"self":[{"href":"https:\/\/bannerbow.com\/sv\/wp-json\/wp\/v2\/pages\/7982","targetHints":{"allow":["GET"]}}],"collection":[{"href":"https:\/\/bannerbow.com\/sv\/wp-json\/wp\/v2\/pages"}],"about":[{"href":"https:\/\/bannerbow.com\/sv\/wp-json\/wp\/v2\/types\/page"}],"author":[{"embeddable":true,"href":"https:\/\/bannerbow.com\/sv\/wp-json\/wp\/v2\/users\/3"}],"replies":[{"embeddable":true,"href":"https:\/\/bannerbow.com\/sv\/wp-json\/wp\/v2\/comments?post=7982"}],"version-history":[{"count":64,"href":"https:\/\/bannerbow.com\/sv\/wp-json\/wp\/v2\/pages\/7982\/revisions"}],"predecessor-version":[{"id":9697,"href":"https:\/\/bannerbow.com\/sv\/wp-json\/wp\/v2\/pages\/7982\/revisions\/9697"}],"wp:attachment":[{"href":"https:\/\/bannerbow.com\/sv\/wp-json\/wp\/v2\/media?parent=7982"}],"curies":[{"name":"wp","href":"https:\/\/api.w.org\/{rel}","templated":true}]}}